{"id":189,"date":"2011-03-26T22:30:37","date_gmt":"2011-03-26T22:30:37","guid":{"rendered":"http:\/\/antigo.bvtaipas.com\/site\/?page_id=189"},"modified":"2021-03-26T20:02:34","modified_gmt":"2021-03-26T20:02:34","slug":"protocolos","status":"publish","type":"page","link":"https:\/\/antigo.bvtaipas.com\/site\/corporacao\/protocolos\/","title":{"rendered":"S\u00f3cios"},"content":{"rendered":"<h1 style=\"text-align: center;\"><span style=\"color: #0000ff; text-decoration: underline;\"><strong><em><a style=\"color: #0000ff; text-decoration: underline;\" href=\"https:\/\/antigo.bvtaipas.com\/site\/wp-content\/uploads\/2021\/03\/Proposta-de-Socio.pdf\" target=\"_blank\" rel=\"noopener\">Fa\u00e7a-se S\u00f3ci<\/a>o<\/em><\/strong><\/span><\/h1>\n<p><span style=\"color: #000000;\"><strong>Nota:<\/strong> <strong>Depois de preencher o formul\u00e1rio de s\u00f3cio deve enviar o mesmo para o seguinte email: secretaria@bvtaipas.com<\/strong><\/span><\/p>\n<p>&nbsp;<\/p>\n<p style=\"text-align: center;\"><span style=\"color: #000000;\"><strong>Direitos e deveres dos s\u00f3cios<\/strong><\/span><\/p>\n<p style=\"text-align: center;\"><span style=\"color: #000000;\"><strong>ARTIGO 13\u00ba<\/strong><\/span><\/p>\n<p><span style=\"color: #000000;\"><strong>S\u00e3o direitos dos s\u00f3cios:<\/strong><\/span><br \/>\n<span style=\"color: #000000;\">a)&nbsp;Eleger e ser eleito para os \u00f3rg\u00e3os sociais da Associa\u00e7\u00e3o;<\/span><br \/>\n<span style=\"color: #000000;\"><strong>Paragrafo \u00danico <\/strong>&#8211; O direito de eleger e ser eleito inicia-se 6 meses ap\u00f3s a data de admiss\u00e3o.<\/span><br \/>\n<span style=\"color: #000000;\">b)&nbsp;Participar e votar nas Assembleias Gerais;<\/span><br \/>\n<span style=\"color: #000000;\">c)&nbsp;Requerer as Assembleias Gerais extraordin\u00e1rias, nos termos da al\u00ednea c) do artigo 12\u00ba dos estatutos;<\/span><br \/>\n<span style=\"color: #000000;\">d)&nbsp;Examinar o relat\u00f3rio da Direc\u00e7\u00e3o, livros e outros documentos de ger\u00eancia dentro dos tr\u00eas dias anteriores \u00e0 sua apresenta\u00e7\u00e3o \u00e0 Assembleia Geral;<\/span><br \/>\n<span style=\"color: #000000;\">e)&nbsp;Propor a admiss\u00e3o de s\u00f3cios efectivos, benem\u00e9ritos e honor\u00e1rios, nos termos dos artigos 7\u00ba e 11\u00ba ;<\/span><br \/>\n<span style=\"color: #000000;\">f)&nbsp;Participar em todas as realiza\u00e7\u00f5es culturais, art\u00edsticas, recreativas e desportivas da Associa\u00e7\u00e3o, de acordo com as condi\u00e7\u00f5es ajustadas;<\/span><br \/>\n<span style=\"color: #000000;\">g)&nbsp;Frequentar todas as depend\u00eancias da Sede Social e outras instala\u00e7\u00f5es da Associa\u00e7\u00e3o, sem preju\u00edzo do seu normal funcionamento;<\/span><br \/>\n<span style=\"color: #000000;\">h)&nbsp;Apresentar \u00e0 Direc\u00e7\u00e3o, em qualquer momento, sugest\u00f5es ou iniciativas que entendam de interesse para a Associa\u00e7\u00e3o, e de acordo com os fins estatut\u00e1rios;<\/span><br \/>\n<span style=\"color: #000000;\">i)&nbsp;Reclamar e recorrer das decis\u00f5es que ponham em causa os seus direitos, podendo neste caso participar em Assembleia Geral;<\/span><br \/>\n<span style=\"color: #000000;\">j)&nbsp;Usar cart\u00e3o de identifica\u00e7\u00e3o apropriado;<\/span><br \/>\n<span style=\"color: #000000;\">k)&nbsp;Requerer certid\u00f5es, indicando o fim a que se destinam.<\/span><\/p>\n<p style=\"text-align: center;\"><span style=\"color: #000000;\"><strong>ARTIGO 14\u00ba<\/strong><\/span><\/p>\n<p style=\"text-align: justify;\"><span style=\"color: #000000;\">Os direitos consignados no artigo anterior s\u00f3 poder\u00e3o ser invocados e exercidos pelos s\u00f3cios que se encontrem em plenitude no gozo deles, devendo, como tal, ser considerados aqueles que, no momento em que invoquem o direito, tenham pago a quota do m\u00eas anterior ao corrente, salvo estando dela isento e nada devam ao cofre associativo, por outro motivo.<\/span><\/p>\n<p style=\"text-align: center;\"><span style=\"color: #000000;\"><strong>ARTIGO 15\u00ba<\/strong><\/span><\/p>\n<p style=\"text-align: left;\"><span style=\"color: #000000;\">Os Associados com menos de 18 anos de idade s\u00e3o titulares apenas dos direitos consignados nas al\u00edneas f),g),h), i) e j) do Artigo 13\u00ba.<\/span><\/p>\n<p style=\"text-align: center;\"><span style=\"color: #000000;\"><strong>ARTIGO 16\u00ba<\/strong><\/span><\/p>\n<p style=\"text-align: left;\"><span style=\"color: #000000;\">Aqueles que revelem absoluta falta de meios, a apreciar pela Direc\u00e7\u00e3o, e manifestem sincero interesse e dedica\u00e7\u00e3o pela Associa\u00e7\u00e3o, podem ser isentos de pagamento de quotas.<\/span><\/p>\n<p style=\"text-align: center;\"><span style=\"color: #000000;\"><strong>ARTIGO 17\u00ba<\/strong><\/span><\/p>\n<p style=\"text-align: left;\"><span style=\"color: #000000;\">Os s\u00f3cios honor\u00e1rios e benem\u00e9ritos s\u00e3o titulares apenas dos direitos consignados nas al\u00edneas f), g), h), i) e k) do Artigo 13\u00ba.<\/span><\/p>\n<p style=\"text-align: center;\"><span style=\"color: #000000;\"><strong>ARTIGO 18\u00ba<\/strong><\/span><\/p>\n<p style=\"text-align: left;\"><span style=\"color: #000000;\"><strong>S\u00e3o deveres dos s\u00f3cios:<\/strong><\/span><br \/>\n<span style=\"color: #000000;\">a)&nbsp;Honrar a Associa\u00e7\u00e3o em qualquer circunst\u00e2ncia, concorrer por todos os meios para o seu engrandecimento e evitar as ocorr\u00eancias que a desprestigiem ou ofendam;<\/span><br \/>\n<span style=\"color: #000000;\">b)&nbsp;Satisfazer pontualmente as quotas devidas;<\/span><br \/>\n<span style=\"color: #000000;\">c)&nbsp;Dar o melhor exemplo de espirito associativo e de disciplina, zelar pelo cumprimento das disposi\u00e7\u00f5es estatut\u00e1rias e regulamentares e acatar as decis\u00f5es e instru\u00e7\u00f5es dos \u00f3rg\u00e3os sociais;<\/span><br \/>\n<span style=\"color: #000000;\">d)&nbsp;Aceitar a elei\u00e7\u00e3o ou nomea\u00e7\u00e3o para qualquer cargo e desempenh\u00e1-lo, gratuitamente, com zelo e assiduidade;<\/span><br \/>\n<span style=\"color: #000000;\">e)&nbsp;Tomar parte nas Assembleias Gerais e reuni\u00f5es para que forem convocados, usando, se o tiverem, o direito de voto, e propondo as medidas que considerem convenientes para a disciplina e engrandecimento da Associa\u00e7\u00e3o, e melhor funcionamento dos seus servi\u00e7os;<\/span><br \/>\n<span style=\"color: #000000;\">f)&nbsp;Conservar e defender o patrim\u00f3nio Associativo;<\/span><br \/>\n<span style=\"color: #000000;\">g)&nbsp;Interessar-se pelos problemas associativos e prestar a colabora\u00e7\u00e3o material e moral necess\u00e1ria \u00e0 solu\u00e7\u00e3o dos mesmos;<\/span><br \/>\n<span style=\"color: #000000;\">h)&nbsp;Empenhar-se activamente para que todas as iniciativas da Associa\u00e7\u00e3o sejam levadas a bom termo e decorram de forma a dignificar a Associa\u00e7\u00e3o;<\/span><br \/>\n<span style=\"color: #000000;\">i)&nbsp;Participar \u00e0 Direc\u00e7\u00e3o a cessa\u00e7\u00e3o da actividade associativa, quando ocorra;<\/span><br \/>\n<span style=\"color: #000000;\">j)&nbsp;N\u00e3o ceder ou transmitir a outr\u00e9m o cart\u00e3o de associado.<\/span><\/p>\n<p style=\"text-align: left;\">&nbsp;<\/p>\n<p>&nbsp;<\/p>\n<p>&nbsp;<\/p>\n","protected":false},"excerpt":{"rendered":"<p>Fa\u00e7a-se S\u00f3cio Nota: Depois de preencher o formul\u00e1rio de s\u00f3cio deve enviar o mesmo para o seguinte email: secretaria@bvtaipas.com &nbsp; Direitos e deveres dos s\u00f3cios ARTIGO 13\u00ba S\u00e3o direitos dos s\u00f3cios: a)&nbsp;Eleger e ser eleito para os \u00f3rg\u00e3os sociais da<\/p>\n","protected":false},"author":2,"featured_media":0,"parent":27,"menu_order":0,"comment_status":"open","ping_status":"closed","template":"","meta":{"ngg_post_thumbnail":0,"footnotes":""},"class_list":["post-189","page","type-page","status-publish","hentry"],"_links":{"self":[{"href":"https:\/\/antigo.bvtaipas.com\/site\/wp-json\/wp\/v2\/pages\/189","targetHints":{"allow":["GET"]}}],"collection":[{"href":"https:\/\/antigo.bvtaipas.com\/site\/wp-json\/wp\/v2\/pages"}],"about":[{"href":"https:\/\/antigo.bvtaipas.com\/site\/wp-json\/wp\/v2\/types\/page"}],"author":[{"embeddable":true,"href":"https:\/\/antigo.bvtaipas.com\/site\/wp-json\/wp\/v2\/users\/2"}],"replies":[{"embeddable":true,"href":"https:\/\/antigo.bvtaipas.com\/site\/wp-json\/wp\/v2\/comments?post=189"}],"version-history":[{"count":25,"href":"https:\/\/antigo.bvtaipas.com\/site\/wp-json\/wp\/v2\/pages\/189\/revisions"}],"predecessor-version":[{"id":7158,"href":"https:\/\/antigo.bvtaipas.com\/site\/wp-json\/wp\/v2\/pages\/189\/revisions\/7158"}],"up":[{"embeddable":true,"href":"https:\/\/antigo.bvtaipas.com\/site\/wp-json\/wp\/v2\/pages\/27"}],"wp:attachment":[{"href":"https:\/\/antigo.bvtaipas.com\/site\/wp-json\/wp\/v2\/media?parent=189"}],"curies":[{"name":"wp","href":"https:\/\/api.w.org\/{rel}","templated":true}]}}