{"id":246,"date":"2011-03-27T01:15:54","date_gmt":"2011-03-27T01:15:54","guid":{"rendered":"http:\/\/antigo.bvtaipas.com\/site\/?page_id=246"},"modified":"2017-03-09T15:38:32","modified_gmt":"2017-03-09T15:38:32","slug":"veiculo-de-comando-operacional","status":"publish","type":"page","link":"https:\/\/antigo.bvtaipas.com\/site\/galerias\/u-l-f\/veiculo-de-comando-operacional\/","title":{"rendered":"Ve\u00edculo de Comando Operacional"},"content":{"rendered":"<p style=\"text-align: center;\"><img loading=\"lazy\" decoding=\"async\" class=\"aligncenter wp-image-389 size-full\" title=\"VCOT\" src=\"http:\/\/antigo.bvtaipas.com\/site\/wp-content\/uploads\/2011\/03\/VCOT.jpg\" width=\"350\" height=\"259\" srcset=\"https:\/\/antigo.bvtaipas.com\/site\/wp-content\/uploads\/2011\/03\/VCOT.jpg 350w, https:\/\/antigo.bvtaipas.com\/site\/wp-content\/uploads\/2011\/03\/VCOT-300x222.jpg 300w\" sizes=\"auto, (max-width: 350px) 100vw, 350px\" \/>VCOT01 &#8211; VE\u00cdCULO DE COMANDO T\u00c1CTICO<\/p>\n<p style=\"text-align: center;\"><a href=\"http:\/\/antigo.bvtaipas.com\/site\/wp-content\/uploads\/2011\/03\/VCOT-02.jpg\"><img loading=\"lazy\" decoding=\"async\" class=\"aligncenter wp-image-3498\" title=\"VCOT 02\" src=\"http:\/\/antigo.bvtaipas.com\/site\/wp-content\/uploads\/2011\/03\/VCOT-02-300x224.jpg\" width=\"350\" height=\"263\" srcset=\"https:\/\/antigo.bvtaipas.com\/site\/wp-content\/uploads\/2011\/03\/VCOT-02-300x224.jpg 300w, https:\/\/antigo.bvtaipas.com\/site\/wp-content\/uploads\/2011\/03\/VCOT-02-600x450.jpg 600w, https:\/\/antigo.bvtaipas.com\/site\/wp-content\/uploads\/2011\/03\/VCOT-02-1024x768.jpg 1024w, https:\/\/antigo.bvtaipas.com\/site\/wp-content\/uploads\/2011\/03\/VCOT-02.jpg 1038w\" sizes=\"auto, (max-width: 350px) 100vw, 350px\" \/><\/a>VCOT2 &#8211; VE\u00cdCULO DE COMANDO T\u00c1CTICO<\/p>\n","protected":false},"excerpt":{"rendered":"<p>VCOT01 &#8211; VE\u00cdCULO DE COMANDO T\u00c1CTICO VCOT2 &#8211; VE\u00cdCULO DE COMANDO T\u00c1CTICO<\/p>\n","protected":false},"author":2,"featured_media":0,"parent":76,"menu_order":0,"comment_status":"open","ping_status":"closed","template":"","meta":{"ngg_post_thumbnail":0,"footnotes":""},"class_list":["post-246","page","type-page","status-publish","hentry"],"_links":{"self":[{"href":"https:\/\/antigo.bvtaipas.com\/site\/wp-json\/wp\/v2\/pages\/246","targetHints":{"allow":["GET"]}}],"collection":[{"href":"https:\/\/antigo.bvtaipas.com\/site\/wp-json\/wp\/v2\/pages"}],"about":[{"href":"https:\/\/antigo.bvtaipas.com\/site\/wp-json\/wp\/v2\/types\/page"}],"author":[{"embeddable":true,"href":"https:\/\/antigo.bvtaipas.com\/site\/wp-json\/wp\/v2\/users\/2"}],"replies":[{"embeddable":true,"href":"https:\/\/antigo.bvtaipas.com\/site\/wp-json\/wp\/v2\/comments?post=246"}],"version-history":[{"count":11,"href":"https:\/\/antigo.bvtaipas.com\/site\/wp-json\/wp\/v2\/pages\/246\/revisions"}],"predecessor-version":[{"id":5034,"href":"https:\/\/antigo.bvtaipas.com\/site\/wp-json\/wp\/v2\/pages\/246\/revisions\/5034"}],"up":[{"embeddable":true,"href":"https:\/\/antigo.bvtaipas.com\/site\/wp-json\/wp\/v2\/pages\/76"}],"wp:attachment":[{"href":"https:\/\/antigo.bvtaipas.com\/site\/wp-json\/wp\/v2\/media?parent=246"}],"curies":[{"name":"wp","href":"https:\/\/api.w.org\/{rel}","templated":true}]}}