{"id":27,"date":"2011-03-25T10:54:02","date_gmt":"2011-03-25T10:54:02","guid":{"rendered":"http:\/\/antigo.bvtaipas.com\/site\/?page_id=27"},"modified":"2014-02-24T23:43:33","modified_gmt":"2014-02-24T23:43:33","slug":"corporacao","status":"publish","type":"page","link":"https:\/\/antigo.bvtaipas.com\/site\/corporacao\/","title":{"rendered":"Associa\u00e7\u00e3o"},"content":{"rendered":"<p style=\"text-align: justify; padding-left: 30px;\">Pretendemos, com este novo formato, proporcionar aos nossos visitantes uma imagem mais real e mais concreta da vida deste Corpo de Bombeiros e da Associa\u00e7\u00e3o que lhe serve de suporte.<\/p>\n<p style=\"text-align: justify; padding-left: 30px;\">Ao relembrarmos um pouco da sua hist\u00f3ria, queremos prestar homenagem aos seus fundadores, cuja mem\u00f3ria n\u00e3o se esfumou na voragem dos anos, porque \u00e9 demasiado importante o seu feito para que seja esquecido. Vai tamb\u00e9m a nossa homenagem para todos os que, ao longo destes cento e vinte e quatro anos, deram o melhor de si, em gestos de memor\u00e1vel altru\u00edsmo na defesa e pr\u00e1tica de valores t\u00e3o elevados como s\u00e3o a solidariedade, o associativismo e o voluntariado. Com a chama do seu entusiasmo na entrega abnegada ao servi\u00e7o desta causa, eles foram alimentando o sonho de uma Associa\u00e7\u00e3o que sustentasse um Corpo de Soldados da Paz, cada vez mais bem formado e apetrechado, para responder, com efic\u00e1cia e prontid\u00e3o, \u00e0s solicita\u00e7\u00f5es da defesa das pessoas e bens n\u00e3o s\u00f3 da \u00e1rea que nos est\u00e1 confiada mas de todos aqueles que de n\u00f3s precisem. Que sejamos seus dignos continuadores.<\/p>\n<p style=\"text-align: justify; padding-left: 30px;\">Uma palavra de apre\u00e7o pelos actuais elementos do nosso Quadro Activo, sempre \u00e1vidos de mais e mais forma\u00e7\u00e3o para que possam cumprir condigna e eficientemente a sua miss\u00e3o. Parab\u00e9ns aos elementos do Quadro Honor\u00e1rio que est\u00e3o connosco e que, na medida das suas possibilidades, n\u00e3o deixam de prestar o seu concurso para o brilho desta Casa.<\/p>\n<p style=\"text-align: justify; padding-left: 30px;\">Ao actual Comando que n\u00e3o se poupa a esfor\u00e7os para que nada falte aos seus soldados, os votos de que continue unido e coeso nesta ingente tarefa de comandar homens que, na qualidade de volunt\u00e1rios, saibam, por op\u00e7\u00e3o, serem dignos da farda que envergam, disciplinados e ass\u00edduos, para que sejam verdadeiramente profissionais na ac\u00e7\u00e3o.<\/p>\n<p style=\"text-align: justify;\">&nbsp;<\/p>\n<p style=\"text-align: center;\"><strong>O Presidente da Direc\u00e7\u00e3o<br \/>\nJos\u00e9 das Neves Machado, Padre<\/strong><\/p>\n","protected":false},"excerpt":{"rendered":"<p>Pretendemos, com este novo formato, proporcionar aos nossos visitantes uma imagem mais real e mais concreta da vida deste Corpo de Bombeiros e da Associa\u00e7\u00e3o que lhe serve de suporte. Ao relembrarmos um pouco da sua hist\u00f3ria, queremos prestar homenagem<\/p>\n","protected":false},"author":4,"featured_media":0,"parent":0,"menu_order":0,"comment_status":"open","ping_status":"closed","template":"","meta":{"ngg_post_thumbnail":0,"footnotes":""},"class_list":["post-27","page","type-page","status-publish","hentry"],"_links":{"self":[{"href":"https:\/\/antigo.bvtaipas.com\/site\/wp-json\/wp\/v2\/pages\/27","targetHints":{"allow":["GET"]}}],"collection":[{"href":"https:\/\/antigo.bvtaipas.com\/site\/wp-json\/wp\/v2\/pages"}],"about":[{"href":"https:\/\/antigo.bvtaipas.com\/site\/wp-json\/wp\/v2\/types\/page"}],"author":[{"embeddable":true,"href":"https:\/\/antigo.bvtaipas.com\/site\/wp-json\/wp\/v2\/users\/4"}],"replies":[{"embeddable":true,"href":"https:\/\/antigo.bvtaipas.com\/site\/wp-json\/wp\/v2\/comments?post=27"}],"version-history":[{"count":23,"href":"https:\/\/antigo.bvtaipas.com\/site\/wp-json\/wp\/v2\/pages\/27\/revisions"}],"predecessor-version":[{"id":3697,"href":"https:\/\/antigo.bvtaipas.com\/site\/wp-json\/wp\/v2\/pages\/27\/revisions\/3697"}],"wp:attachment":[{"href":"https:\/\/antigo.bvtaipas.com\/site\/wp-json\/wp\/v2\/media?parent=27"}],"curies":[{"name":"wp","href":"https:\/\/api.w.org\/{rel}","templated":true}]}}