{"id":32,"date":"2011-03-25T11:01:17","date_gmt":"2011-03-25T11:01:17","guid":{"rendered":"http:\/\/antigo.bvtaipas.com\/site\/?page_id=32"},"modified":"2012-05-11T17:43:48","modified_gmt":"2012-05-11T17:43:48","slug":"corpos-sociais","status":"publish","type":"page","link":"https:\/\/antigo.bvtaipas.com\/site\/corporacao\/corpos-sociais\/","title":{"rendered":"Historial"},"content":{"rendered":"<p style=\"text-align: left;\">&#8220;Aos tr\u00eas dias do m\u00eas de Abril do ano de mil oitocentos e oitenta e sete reuniram-se os cidad\u00e3os das Caldas das Taipas preocupados com o bem estar e Seguran\u00e7a dos habitantes desta povoa\u00e7\u00e3o.<br \/>\nNesse memor\u00e1vel dia nasceu a Associa\u00e7\u00e3o Humanit\u00e1ria dos Bombeiros Volunt\u00e1rios das Caldas das Taipas, ap\u00f3s discuss\u00e3o e aprova\u00e7\u00e1o dos Estatutos. Posteriormente, em 30 de Abril do mesmo ano, Jo\u00e3o Machado Pinheiro Corr\u00eaa de Mello, Primeiro Visconde de Pindella, Governador Civil do Distrito de Braga, os aprovou, com algumas altera\u00e7\u00f5es. Tinha a<span style=\"color: #0000ff;\"> <strong>Associa\u00e7\u00e3o Humanit\u00e1ria dos Bombeiros Volunt\u00e1rios das Caldas das Taipas<\/strong><\/span> exist\u00eancia legal.&#8221;<\/p>\n<p><a href=\"http:\/\/antigo.bvtaipas.com\/site\/wp-content\/uploads\/2011\/03\/1\u00ba-Estandarte.jpg\"><\/a><\/p>\n<p style=\"text-align: center;\"><img loading=\"lazy\" decoding=\"async\" class=\"aligncenter size-full wp-image-358\" title=\"1\u00ba Estandarte\" src=\"http:\/\/antigo.bvtaipas.com\/site\/wp-content\/uploads\/2011\/03\/1\u00ba-Estandarte.jpg\" alt=\"\" width=\"248\" height=\"372\" srcset=\"https:\/\/antigo.bvtaipas.com\/site\/wp-content\/uploads\/2011\/03\/1\u00ba-Estandarte.jpg 275w, https:\/\/antigo.bvtaipas.com\/site\/wp-content\/uploads\/2011\/03\/1\u00ba-Estandarte-199x300.jpg 199w\" sizes=\"auto, (max-width: 248px) 100vw, 248px\" \/><\/p>\n<p>&#8221; Neste sal\u00e3o antigo em que as pan\u00f3plias de armas cinzentas<br \/>\nS\u00e3o a forma dum arcaboi\u00e7o em que h\u00e1 sinais doutras eras<br \/>\nPasseio o meu olhar materializado e destaco de escondido nas armaduras<br \/>\nAquele segredo de alma que \u00e9 a causa de eu viver &#8221;<\/p>\n<p><em>Para Al\u00e9m Doutro Oceano, C. Pacheco <\/em><\/p>\n<p><em>\u00a0<\/em><\/p>\n<h1 style=\"text-align: center;\"><strong><span style=\"color: #0000ff;\"><em>Antingos Comandantes<\/em><\/span><\/strong><\/h1>\n<p style=\"text-align: center;\"><em><a href=\"http:\/\/antigo.bvtaipas.com\/site\/wp-content\/uploads\/2011\/03\/CMDT-Jos\u00e9-Joaquim-Ferreira-Monteiro.jpg\"><img loading=\"lazy\" decoding=\"async\" class=\"alignnone size-full wp-image-1585\" title=\"CMDT Jos\u00e9 Joaquim Ferreira Monteiro\" src=\"http:\/\/antigo.bvtaipas.com\/site\/wp-content\/uploads\/2011\/03\/CMDT-Jos\u00e9-Joaquim-Ferreira-Monteiro.jpg\" alt=\"\" width=\"75\" height=\"94\" \/><\/a><a href=\"http:\/\/antigo.bvtaipas.com\/site\/wp-content\/uploads\/2011\/03\/CMDT-Prof.-Manuel-Jos\u00e9-Pereira.jpg\"><img loading=\"lazy\" decoding=\"async\" class=\"alignnone size-full wp-image-1586\" title=\"CMDT Prof. Manuel Jos\u00e9 Pereira\" src=\"http:\/\/antigo.bvtaipas.com\/site\/wp-content\/uploads\/2011\/03\/CMDT-Prof.-Manuel-Jos\u00e9-Pereira.jpg\" alt=\"\" width=\"75\" height=\"94\" \/><\/a><a href=\"http:\/\/antigo.bvtaipas.com\/site\/wp-content\/uploads\/2011\/03\/CMDT-D.-Manuel-Os\u00f3rio-de-Arag\u00e3o.jpg\"><img loading=\"lazy\" decoding=\"async\" class=\"alignnone size-full wp-image-1581\" title=\"CMDT D. Manuel Os\u00f3rio de Arag\u00e3o\" src=\"http:\/\/antigo.bvtaipas.com\/site\/wp-content\/uploads\/2011\/03\/CMDT-D.-Manuel-Os\u00f3rio-de-Arag\u00e3o.jpg\" alt=\"\" width=\"75\" height=\"94\" \/><\/a><a href=\"http:\/\/antigo.bvtaipas.com\/site\/wp-content\/uploads\/2011\/03\/CMDT-Joaquim-da-Silva-Ferreira-Monteiro.jpg\"><img loading=\"lazy\" decoding=\"async\" class=\"alignnone size-full wp-image-1584\" title=\"CMDT Joaquim da Silva Ferreira Monteiro\" src=\"http:\/\/antigo.bvtaipas.com\/site\/wp-content\/uploads\/2011\/03\/CMDT-Joaquim-da-Silva-Ferreira-Monteiro.jpg\" alt=\"\" width=\"75\" height=\"94\" \/><\/a><a href=\"http:\/\/antigo.bvtaipas.com\/site\/wp-content\/uploads\/2011\/03\/CMDT-Em\u00edlio-Castelar-Guimar\u00e3es.jpg\"><img loading=\"lazy\" decoding=\"async\" class=\"alignnone size-full wp-image-1582\" title=\"CMDT Em\u00edlio Castelar Guimar\u00e3es\" src=\"http:\/\/antigo.bvtaipas.com\/site\/wp-content\/uploads\/2011\/03\/CMDT-Em\u00edlio-Castelar-Guimar\u00e3es.jpg\" alt=\"\" width=\"75\" height=\"94\" \/><\/a><a href=\"http:\/\/antigo.bvtaipas.com\/site\/wp-content\/uploads\/2011\/03\/CMDT-Francisco-Martins-Costa-e-Silva.jpg\"><img loading=\"lazy\" decoding=\"async\" class=\"alignnone size-full wp-image-1583\" title=\"CMDT Francisco Martins Costa e Silva\" src=\"http:\/\/antigo.bvtaipas.com\/site\/wp-content\/uploads\/2011\/03\/CMDT-Francisco-Martins-Costa-e-Silva.jpg\" alt=\"\" width=\"75\" height=\"94\" \/><\/a><a href=\"http:\/\/antigo.bvtaipas.com\/site\/wp-content\/uploads\/2011\/03\/CMDT-Ant\u00f3nio-Jos\u00e9-Castelar-Guimar\u00e3es.jpg\"><img loading=\"lazy\" decoding=\"async\" class=\"alignnone size-full wp-image-1580\" title=\"CMDT Ant\u00f3nio Jos\u00e9 Castelar Guimar\u00e3es\" src=\"http:\/\/antigo.bvtaipas.com\/site\/wp-content\/uploads\/2011\/03\/CMDT-Ant\u00f3nio-Jos\u00e9-Castelar-Guimar\u00e3es.jpg\" alt=\"\" width=\"75\" height=\"94\" \/><\/a><a href=\"http:\/\/antigo.bvtaipas.com\/site\/wp-content\/uploads\/2011\/03\/CMDT-Ant\u00f3nio-Jos\u00e9-Castelar-Guimar\u00e3es.jpg\"><\/a><\/em><\/p>\n<p style=\"text-align: center;\"><em>\u00a0<\/em><em>\u00a0<\/em><\/p>\n<h1 style=\"text-align: center;\"><strong><span style=\"color: #0000ff;\">1928<\/span><\/strong><\/h1>\n<p style=\"text-align: center;\"><strong><span style=\"color: #0000ff;\"><img loading=\"lazy\" decoding=\"async\" class=\"aligncenter size-full wp-image-572\" title=\"1928_foto\" src=\"http:\/\/antigo.bvtaipas.com\/site\/wp-content\/uploads\/2011\/03\/1928_foto1.jpg\" alt=\"\" width=\"600\" height=\"400\" srcset=\"https:\/\/antigo.bvtaipas.com\/site\/wp-content\/uploads\/2011\/03\/1928_foto1.jpg 600w, https:\/\/antigo.bvtaipas.com\/site\/wp-content\/uploads\/2011\/03\/1928_foto1-300x200.jpg 300w\" sizes=\"auto, (max-width: 600px) 100vw, 600px\" \/><\/span><\/strong><\/p>\n<h1 style=\"text-align: center;\"><strong><span style=\"color: #0000ff;\">\u00a0<\/span><\/strong><strong><span style=\"color: #0000ff;\">Anos 40<\/span><\/strong><\/h1>\n<p style=\"text-align: center;\"><strong><span style=\"color: #0000ff;\"><img loading=\"lazy\" decoding=\"async\" class=\"aligncenter size-full wp-image-582\" title=\"anos 40_formatura\" src=\"http:\/\/antigo.bvtaipas.com\/site\/wp-content\/uploads\/2011\/03\/anos-40_formatura1.jpg\" alt=\"\" width=\"600\" height=\"380\" srcset=\"https:\/\/antigo.bvtaipas.com\/site\/wp-content\/uploads\/2011\/03\/anos-40_formatura1.jpg 600w, https:\/\/antigo.bvtaipas.com\/site\/wp-content\/uploads\/2011\/03\/anos-40_formatura1-300x190.jpg 300w\" sizes=\"auto, (max-width: 600px) 100vw, 600px\" \/><\/span><\/strong><\/p>\n<p style=\"text-align: center;\"><strong><span style=\"color: #0000ff;\"><img loading=\"lazy\" decoding=\"async\" class=\"aligncenter size-full wp-image-583\" title=\"anos 40_simulacro\" src=\"http:\/\/antigo.bvtaipas.com\/site\/wp-content\/uploads\/2011\/03\/anos-40_simulacro.jpg\" alt=\"\" width=\"600\" height=\"368\" srcset=\"https:\/\/antigo.bvtaipas.com\/site\/wp-content\/uploads\/2011\/03\/anos-40_simulacro.jpg 600w, https:\/\/antigo.bvtaipas.com\/site\/wp-content\/uploads\/2011\/03\/anos-40_simulacro-300x184.jpg 300w\" sizes=\"auto, (max-width: 600px) 100vw, 600px\" \/><\/span><\/strong><\/p>\n<h1 style=\"text-align: center;\"><strong><span style=\"color: #0000ff;\">\u00a0<\/span><\/strong><strong><span style=\"color: #0000ff;\">1968<\/span><\/strong><\/h1>\n<h1 style=\"text-align: center;\"><strong><span style=\"color: #0000ff;\"><img decoding=\"async\" class=\"aligncenter size-full wp-image-898\" title=\"Bombeiros V_ das Taipas[6]\" src=\"http:\/\/antigo.bvtaipas.com\/site\/wp-content\/uploads\/2011\/03\/Bombeiros-V_-das-Taipas6.bmp\" alt=\"\" \/><\/span><\/strong><\/h1>\n<h1 style=\"text-align: center;\"><strong><span style=\"color: #0000ff;\">\u00a0<\/span><\/strong><strong><span style=\"color: #0000ff;\">\u00a0<\/span><\/strong><strong><span style=\"color: #0000ff;\">\u00a0<\/span><\/strong><strong><span style=\"color: #0000ff;\">\u00a0<\/span><\/strong><strong><span style=\"color: #0000ff;\">\u00a0<\/span><\/strong><strong><\/strong><strong><span style=\"color: #0000ff;\">1975<\/span><\/strong><\/h1>\n<h1 style=\"text-align: center;\"><strong><span style=\"color: #0000ff;\"><img loading=\"lazy\" decoding=\"async\" class=\"aligncenter size-full wp-image-573\" title=\"1975_foto1\" src=\"http:\/\/antigo.bvtaipas.com\/site\/wp-content\/uploads\/2011\/03\/1975_foto1.jpg\" alt=\"\" width=\"600\" height=\"428\" srcset=\"https:\/\/antigo.bvtaipas.com\/site\/wp-content\/uploads\/2011\/03\/1975_foto1.jpg 600w, https:\/\/antigo.bvtaipas.com\/site\/wp-content\/uploads\/2011\/03\/1975_foto1-300x214.jpg 300w\" sizes=\"auto, (max-width: 600px) 100vw, 600px\" \/><\/span><\/strong><\/h1>\n<h1 style=\"text-align: center;\"><strong><\/strong><\/h1>\n<h1 style=\"text-align: center;\"><strong><span style=\"color: #0000ff;\"><img loading=\"lazy\" decoding=\"async\" class=\"aligncenter size-full wp-image-574\" title=\"1975_foto2\" src=\"http:\/\/antigo.bvtaipas.com\/site\/wp-content\/uploads\/2011\/03\/1975_foto2.jpg\" alt=\"\" width=\"600\" height=\"416\" srcset=\"https:\/\/antigo.bvtaipas.com\/site\/wp-content\/uploads\/2011\/03\/1975_foto2.jpg 600w, https:\/\/antigo.bvtaipas.com\/site\/wp-content\/uploads\/2011\/03\/1975_foto2-300x208.jpg 300w\" sizes=\"auto, (max-width: 600px) 100vw, 600px\" \/><\/span><\/strong><\/h1>\n<h1 style=\"text-align: center;\"><strong><\/strong><\/h1>\n<h1 style=\"text-align: center;\"><strong><span style=\"color: #0000ff;\"><img loading=\"lazy\" decoding=\"async\" class=\"aligncenter size-full wp-image-575\" title=\"1975_foto3\" src=\"http:\/\/antigo.bvtaipas.com\/site\/wp-content\/uploads\/2011\/03\/1975_foto3.jpg\" alt=\"\" width=\"600\" height=\"413\" srcset=\"https:\/\/antigo.bvtaipas.com\/site\/wp-content\/uploads\/2011\/03\/1975_foto3.jpg 600w, https:\/\/antigo.bvtaipas.com\/site\/wp-content\/uploads\/2011\/03\/1975_foto3-300x206.jpg 300w\" sizes=\"auto, (max-width: 600px) 100vw, 600px\" \/><\/span><\/strong><\/h1>\n<h1 style=\"text-align: center;\"><strong><\/strong><strong><span style=\"color: #0000ff;\">1976<\/span><\/strong><\/h1>\n<h1 style=\"text-align: center;\"><strong><span style=\"color: #0000ff;\"><img loading=\"lazy\" decoding=\"async\" class=\"aligncenter size-full wp-image-576\" title=\"1976_foto1\" src=\"http:\/\/antigo.bvtaipas.com\/site\/wp-content\/uploads\/2011\/03\/1976_foto1.jpg\" alt=\"\" width=\"600\" height=\"387\" srcset=\"https:\/\/antigo.bvtaipas.com\/site\/wp-content\/uploads\/2011\/03\/1976_foto1.jpg 600w, https:\/\/antigo.bvtaipas.com\/site\/wp-content\/uploads\/2011\/03\/1976_foto1-300x193.jpg 300w\" sizes=\"auto, (max-width: 600px) 100vw, 600px\" \/><\/span><\/strong><\/h1>\n<h1 style=\"text-align: center;\"><strong><\/strong><\/h1>\n<h1 style=\"text-align: center;\"><strong><span style=\"color: #0000ff;\"><img loading=\"lazy\" decoding=\"async\" class=\"aligncenter size-full wp-image-577\" title=\"1976_foto2\" src=\"http:\/\/antigo.bvtaipas.com\/site\/wp-content\/uploads\/2011\/03\/1976_foto2.jpg\" alt=\"\" width=\"600\" height=\"387\" srcset=\"https:\/\/antigo.bvtaipas.com\/site\/wp-content\/uploads\/2011\/03\/1976_foto2.jpg 600w, https:\/\/antigo.bvtaipas.com\/site\/wp-content\/uploads\/2011\/03\/1976_foto2-300x193.jpg 300w\" sizes=\"auto, (max-width: 600px) 100vw, 600px\" \/><a href=\"http:\/\/antigo.bvtaipas.com\/site\/wp-content\/uploads\/2011\/03\/1976_foto3.jpg\"><\/a><\/span><\/strong><\/h1>\n<h1 style=\"text-align: center;\"><strong><\/strong><\/h1>\n<h1 style=\"text-align: center;\"><strong><span style=\"color: #0000ff;\"><img loading=\"lazy\" decoding=\"async\" class=\"aligncenter size-full wp-image-591\" title=\"1976_foto4\" src=\"http:\/\/antigo.bvtaipas.com\/site\/wp-content\/uploads\/2011\/03\/1976_foto41.jpg\" alt=\"\" width=\"360\" height=\"551\" srcset=\"https:\/\/antigo.bvtaipas.com\/site\/wp-content\/uploads\/2011\/03\/1976_foto41.jpg 600w, https:\/\/antigo.bvtaipas.com\/site\/wp-content\/uploads\/2011\/03\/1976_foto41-196x300.jpg 196w\" sizes=\"auto, (max-width: 360px) 100vw, 360px\" \/><\/span><\/strong><\/h1>\n<h1 style=\"text-align: center;\"><strong><\/strong><strong><span style=\"color: #0000ff;\">Formaturas<\/span><\/strong><\/h1>\n<h1 style=\"text-align: center;\"><strong><span style=\"color: #0000ff;\"><img loading=\"lazy\" decoding=\"async\" class=\"aligncenter size-full wp-image-584\" title=\"outros_foto1\" src=\"http:\/\/antigo.bvtaipas.com\/site\/wp-content\/uploads\/2011\/03\/outros_foto1.jpg\" alt=\"\" width=\"600\" height=\"383\" srcset=\"https:\/\/antigo.bvtaipas.com\/site\/wp-content\/uploads\/2011\/03\/outros_foto1.jpg 600w, https:\/\/antigo.bvtaipas.com\/site\/wp-content\/uploads\/2011\/03\/outros_foto1-300x191.jpg 300w\" sizes=\"auto, (max-width: 600px) 100vw, 600px\" \/><\/span><\/strong><\/h1>\n<h1 style=\"text-align: center;\"><strong><\/strong><\/h1>\n<h1 style=\"text-align: center;\"><strong><span style=\"color: #0000ff;\"><img loading=\"lazy\" decoding=\"async\" class=\"aligncenter size-full wp-image-585\" title=\"outros_foto2\" src=\"http:\/\/antigo.bvtaipas.com\/site\/wp-content\/uploads\/2011\/03\/outros_foto2.jpg\" alt=\"\" width=\"600\" height=\"477\" srcset=\"https:\/\/antigo.bvtaipas.com\/site\/wp-content\/uploads\/2011\/03\/outros_foto2.jpg 600w, https:\/\/antigo.bvtaipas.com\/site\/wp-content\/uploads\/2011\/03\/outros_foto2-300x238.jpg 300w\" sizes=\"auto, (max-width: 600px) 100vw, 600px\" \/><\/span><\/strong><\/h1>\n<h1 style=\"text-align: center;\"><strong><\/strong><\/h1>\n<h1 style=\"text-align: center;\"><strong><span style=\"color: #0000ff;\"><img loading=\"lazy\" decoding=\"async\" class=\"aligncenter size-full wp-image-586\" title=\"outros_foto3\" src=\"http:\/\/antigo.bvtaipas.com\/site\/wp-content\/uploads\/2011\/03\/outros_foto3.jpg\" alt=\"\" width=\"600\" height=\"402\" srcset=\"https:\/\/antigo.bvtaipas.com\/site\/wp-content\/uploads\/2011\/03\/outros_foto3.jpg 600w, https:\/\/antigo.bvtaipas.com\/site\/wp-content\/uploads\/2011\/03\/outros_foto3-300x201.jpg 300w\" sizes=\"auto, (max-width: 600px) 100vw, 600px\" \/><\/span><\/strong><\/h1>\n<h1 style=\"text-align: center;\"><strong><span style=\"color: #0000ff;\"><img loading=\"lazy\" decoding=\"async\" class=\"aligncenter size-full wp-image-587\" title=\"outros_foto4\" src=\"http:\/\/antigo.bvtaipas.com\/site\/wp-content\/uploads\/2011\/03\/outros_foto4.jpg\" alt=\"\" width=\"600\" height=\"378\" srcset=\"https:\/\/antigo.bvtaipas.com\/site\/wp-content\/uploads\/2011\/03\/outros_foto4.jpg 600w, https:\/\/antigo.bvtaipas.com\/site\/wp-content\/uploads\/2011\/03\/outros_foto4-300x189.jpg 300w\" sizes=\"auto, (max-width: 600px) 100vw, 600px\" \/><\/span><\/strong><\/h1>\n<h1 style=\"text-align: center;\"><strong><\/strong><strong><span style=\"color: #0000ff;\">1985<\/span><\/strong><\/h1>\n<h1 style=\"text-align: center;\"><strong><span style=\"color: #0000ff;\"><img loading=\"lazy\" decoding=\"async\" class=\"aligncenter size-full wp-image-580\" title=\"1985_foto\" src=\"http:\/\/antigo.bvtaipas.com\/site\/wp-content\/uploads\/2011\/03\/1985_foto.jpg\" alt=\"\" width=\"600\" height=\"287\" srcset=\"https:\/\/antigo.bvtaipas.com\/site\/wp-content\/uploads\/2011\/03\/1985_foto.jpg 600w, https:\/\/antigo.bvtaipas.com\/site\/wp-content\/uploads\/2011\/03\/1985_foto-300x143.jpg 300w\" sizes=\"auto, (max-width: 600px) 100vw, 600px\" \/><\/span><\/strong><\/h1>\n<h1 style=\"text-align: center;\"><strong><\/strong><strong><span style=\"color: #0000ff;\"><strong>1988<\/strong><\/span><\/strong><\/h1>\n<h1 style=\"text-align: center;\"><strong><span style=\"color: #0000ff;\"><img loading=\"lazy\" decoding=\"async\" class=\"aligncenter size-full wp-image-786\" title=\"1988_foto\" src=\"http:\/\/antigo.bvtaipas.com\/site\/wp-content\/uploads\/2011\/03\/1988_foto.jpg\" alt=\"\" width=\"520\" height=\"326\" srcset=\"https:\/\/antigo.bvtaipas.com\/site\/wp-content\/uploads\/2011\/03\/1988_foto.jpg 520w, https:\/\/antigo.bvtaipas.com\/site\/wp-content\/uploads\/2011\/03\/1988_foto-300x188.jpg 300w\" sizes=\"auto, (max-width: 520px) 100vw, 520px\" \/><\/span><\/strong><\/h1>\n<h1 style=\"text-align: center;\"><strong><\/strong><strong><span style=\"color: #0000ff;\"><strong>1998<\/strong><\/span><\/strong><\/h1>\n<h1 style=\"text-align: center;\"><strong><span style=\"color: #0000ff;\"><img loading=\"lazy\" decoding=\"async\" class=\"aligncenter size-full wp-image-787\" title=\"1998_foto\" src=\"http:\/\/antigo.bvtaipas.com\/site\/wp-content\/uploads\/2011\/03\/1998_foto.jpg\" alt=\"\" width=\"520\" height=\"339\" srcset=\"https:\/\/antigo.bvtaipas.com\/site\/wp-content\/uploads\/2011\/03\/1998_foto.jpg 520w, https:\/\/antigo.bvtaipas.com\/site\/wp-content\/uploads\/2011\/03\/1998_foto-300x195.jpg 300w\" sizes=\"auto, (max-width: 520px) 100vw, 520px\" \/><\/span><\/strong><\/h1>\n<h1 style=\"text-align: center;\"><strong><span style=\"color: #0000ff;\"><strong>2004<\/strong><\/span><\/strong><\/h1>\n<h1 style=\"text-align: center;\"><strong><span style=\"color: #0000ff;\"><img loading=\"lazy\" decoding=\"async\" class=\"aligncenter size-full wp-image-788\" title=\"2004_foto\" src=\"http:\/\/antigo.bvtaipas.com\/site\/wp-content\/uploads\/2011\/03\/2004_foto.jpg\" alt=\"\" width=\"520\" height=\"300\" srcset=\"https:\/\/antigo.bvtaipas.com\/site\/wp-content\/uploads\/2011\/03\/2004_foto.jpg 520w, https:\/\/antigo.bvtaipas.com\/site\/wp-content\/uploads\/2011\/03\/2004_foto-300x173.jpg 300w\" sizes=\"auto, (max-width: 520px) 100vw, 520px\" \/><\/span><\/strong><\/h1>\n<h1 style=\"text-align: center;\"><strong><span style=\"color: #0000ff;\">2010<\/span><\/strong><\/h1>\n<h1 style=\"text-align: center;\"><strong><span style=\"color: #0000ff;\"><a href=\"http:\/\/antigo.bvtaipas.com\/site\/wp-content\/uploads\/2011\/03\/2010_foto.jpg\"><\/a><\/span><\/strong><img loading=\"lazy\" decoding=\"async\" class=\"aligncenter size-full wp-image-791\" title=\"2010_foto\" src=\"http:\/\/antigo.bvtaipas.com\/site\/wp-content\/uploads\/2011\/03\/2010_foto1.jpg\" alt=\"\" width=\"600\" height=\"402\" srcset=\"https:\/\/antigo.bvtaipas.com\/site\/wp-content\/uploads\/2011\/03\/2010_foto1.jpg 600w, https:\/\/antigo.bvtaipas.com\/site\/wp-content\/uploads\/2011\/03\/2010_foto1-300x201.jpg 300w\" sizes=\"auto, (max-width: 600px) 100vw, 600px\" \/><\/h1>\n<h1 style=\"text-align: center;\"><strong><\/strong><\/h1>\n<h1 style=\"text-align: center;\"><strong><\/strong><\/h1>\n<h1 style=\"text-align: center;\"><strong><span style=\"color: #0000ff;\">\ufeff\ufeff\ufeff\ufeff2012<\/span><\/strong><\/h1>\n<h1 style=\"text-align: center;\"><strong><span style=\"color: #0000ff;\"><a href=\"http:\/\/antigo.bvtaipas.com\/site\/wp-content\/uploads\/2011\/03\/DSCF2731.jpg\"><img loading=\"lazy\" decoding=\"async\" class=\"aligncenter size-full wp-image-2719\" title=\"DSCF2731\" src=\"http:\/\/antigo.bvtaipas.com\/site\/wp-content\/uploads\/2011\/03\/DSCF2731.jpg\" alt=\"\" width=\"600\" height=\"402\" srcset=\"https:\/\/antigo.bvtaipas.com\/site\/wp-content\/uploads\/2011\/03\/DSCF2731.jpg 600w, https:\/\/antigo.bvtaipas.com\/site\/wp-content\/uploads\/2011\/03\/DSCF2731-300x201.jpg 300w\" sizes=\"auto, (max-width: 600px) 100vw, 600px\" \/><\/a><\/span><\/strong><\/h1>\n","protected":false},"excerpt":{"rendered":"<p>&#8220;Aos tr\u00eas dias do m\u00eas de Abril do ano de mil oitocentos e oitenta e sete reuniram-se os cidad\u00e3os das Caldas das Taipas preocupados com o bem estar e Seguran\u00e7a dos habitantes desta povoa\u00e7\u00e3o. Nesse memor\u00e1vel dia nasceu a Associa\u00e7\u00e3o<\/p>\n","protected":false},"author":4,"featured_media":0,"parent":27,"menu_order":0,"comment_status":"open","ping_status":"closed","template":"","meta":{"ngg_post_thumbnail":0,"footnotes":""},"class_list":["post-32","page","type-page","status-publish","hentry"],"_links":{"self":[{"href":"https:\/\/antigo.bvtaipas.com\/site\/wp-json\/wp\/v2\/pages\/32","targetHints":{"allow":["GET"]}}],"collection":[{"href":"https:\/\/antigo.bvtaipas.com\/site\/wp-json\/wp\/v2\/pages"}],"about":[{"href":"https:\/\/antigo.bvtaipas.com\/site\/wp-json\/wp\/v2\/types\/page"}],"author":[{"embeddable":true,"href":"https:\/\/antigo.bvtaipas.com\/site\/wp-json\/wp\/v2\/users\/4"}],"replies":[{"embeddable":true,"href":"https:\/\/antigo.bvtaipas.com\/site\/wp-json\/wp\/v2\/comments?post=32"}],"version-history":[{"count":66,"href":"https:\/\/antigo.bvtaipas.com\/site\/wp-json\/wp\/v2\/pages\/32\/revisions"}],"predecessor-version":[{"id":349,"href":"https:\/\/antigo.bvtaipas.com\/site\/wp-json\/wp\/v2\/pages\/32\/revisions\/349"}],"up":[{"embeddable":true,"href":"https:\/\/antigo.bvtaipas.com\/site\/wp-json\/wp\/v2\/pages\/27"}],"wp:attachment":[{"href":"https:\/\/antigo.bvtaipas.com\/site\/wp-json\/wp\/v2\/media?parent=32"}],"curies":[{"name":"wp","href":"https:\/\/api.w.org\/{rel}","templated":true}]}}