{"id":327,"date":"2011-03-28T16:39:30","date_gmt":"2011-03-28T16:39:30","guid":{"rendered":"http:\/\/antigo.bvtaipas.com\/site\/?page_id=327"},"modified":"2024-03-25T09:25:26","modified_gmt":"2024-03-25T09:25:26","slug":"piscina","status":"publish","type":"page","link":"https:\/\/antigo.bvtaipas.com\/site\/corporacao\/piscina\/","title":{"rendered":"Piscina &#8211; Hor\u00e1rios"},"content":{"rendered":"\n<p class=\"has-black-color has-text-color has-medium-font-size\"><strong>NATA\u00c7\u00c3O LIVRES &#8211; HOR\u00c1RIOS<\/strong><\/p>\n\n\n\n<div data-wp-interactive=\"core\/file\" class=\"wp-block-file\"><object data-wp-bind--hidden=\"!state.hasPdfPreview\" hidden class=\"wp-block-file__embed\" data=\"https:\/\/antigo.bvtaipas.com\/site\/wp-content\/uploads\/2024\/03\/Horario-Natacao-Livre-A4_v2.pdf\" type=\"application\/pdf\" style=\"width:100%;height:600px\" aria-label=\"Incorpora\u00e7\u00e3o de Horario-Natacao-Livre-A4_v2.\"><\/object><a id=\"wp-block-file--media-9158e122-bf8f-4aca-80a2-9ffb2f84bcea\" href=\"https:\/\/antigo.bvtaipas.com\/site\/wp-content\/uploads\/2024\/03\/Horario-Natacao-Livre-A4_v2.pdf\">Horario-Natacao-Livre-A4_v2<\/a><a href=\"https:\/\/antigo.bvtaipas.com\/site\/wp-content\/uploads\/2024\/03\/Horario-Natacao-Livre-A4_v2.pdf\" class=\"wp-block-file__button wp-element-button\" download aria-describedby=\"wp-block-file--media-9158e122-bf8f-4aca-80a2-9ffb2f84bcea\">Descarregar<\/a><\/div>\n\n\n\n<figure class=\"wp-block-image size-full is-resized\"><img loading=\"lazy\" decoding=\"async\" width=\"841\" height=\"595\" src=\"https:\/\/antigo.bvtaipas.com\/site\/wp-content\/uploads\/2024\/02\/Horario-Natacao-Livre-3.jpg\" alt=\"\" class=\"wp-image-7578\" style=\"width:1px\" srcset=\"https:\/\/antigo.bvtaipas.com\/site\/wp-content\/uploads\/2024\/02\/Horario-Natacao-Livre-3.jpg 841w, https:\/\/antigo.bvtaipas.com\/site\/wp-content\/uploads\/2024\/02\/Horario-Natacao-Livre-3-300x212.jpg 300w, https:\/\/antigo.bvtaipas.com\/site\/wp-content\/uploads\/2024\/02\/Horario-Natacao-Livre-3-150x106.jpg 150w, https:\/\/antigo.bvtaipas.com\/site\/wp-content\/uploads\/2024\/02\/Horario-Natacao-Livre-3-768x543.jpg 768w\" sizes=\"auto, (max-width: 841px) 100vw, 841px\" \/><\/figure>\n\n\n\n<p class=\"has-black-color has-text-color has-medium-font-size\"><strong>AULAS COM MONITOR &#8211; HOR\u00c1RIO<\/strong><\/p>\n\n\n\n<figure class=\"wp-block-image size-full\"><img loading=\"lazy\" decoding=\"async\" width=\"1037\" height=\"1500\" src=\"https:\/\/antigo.bvtaipas.com\/site\/wp-content\/uploads\/2022\/10\/Horario-Aulas-com-monitor-scaled.jpg\" alt=\"\" class=\"wp-image-7376\" srcset=\"https:\/\/antigo.bvtaipas.com\/site\/wp-content\/uploads\/2022\/10\/Horario-Aulas-com-monitor-scaled.jpg 1037w, https:\/\/antigo.bvtaipas.com\/site\/wp-content\/uploads\/2022\/10\/Horario-Aulas-com-monitor-207x300.jpg 207w, https:\/\/antigo.bvtaipas.com\/site\/wp-content\/uploads\/2022\/10\/Horario-Aulas-com-monitor-104x150.jpg 104w, https:\/\/antigo.bvtaipas.com\/site\/wp-content\/uploads\/2022\/10\/Horario-Aulas-com-monitor-768x1111.jpg 768w, https:\/\/antigo.bvtaipas.com\/site\/wp-content\/uploads\/2022\/10\/Horario-Aulas-com-monitor-1061x1536.jpg 1061w\" sizes=\"auto, (max-width: 1037px) 100vw, 1037px\" \/><\/figure>\n\n\n\n<p class=\"has-black-color has-text-color has-medium-font-size\"><strong>REGULAMENTO E NORMAS DE UTILIZA\u00c7\u00c3O DA PISCINA<\/strong><\/p>\n\n\n\n<div data-wp-interactive=\"core\/file\" class=\"wp-block-file\"><object data-wp-bind--hidden=\"!state.hasPdfPreview\" hidden class=\"wp-block-file__embed\" data=\"https:\/\/antigo.bvtaipas.com\/site\/wp-content\/uploads\/2023\/07\/Regulamento-Piscina-A4.pdf\" type=\"application\/pdf\" style=\"width:100%;height:600px\" aria-label=\"Incorpora\u00e7\u00e3o de Regulamento-Piscina-A4.\"><\/object><a id=\"wp-block-file--media-c081c6cb-3f42-4f53-85e8-09771e3d478e\" href=\"https:\/\/antigo.bvtaipas.com\/site\/wp-content\/uploads\/2023\/07\/Regulamento-Piscina-A4.pdf\">Regulamento-Piscina-A4<\/a><a href=\"https:\/\/antigo.bvtaipas.com\/site\/wp-content\/uploads\/2023\/07\/Regulamento-Piscina-A4.pdf\" class=\"wp-block-file__button wp-element-button\" download aria-describedby=\"wp-block-file--media-c081c6cb-3f42-4f53-85e8-09771e3d478e\">Descarregar<\/a><\/div>\n\n\n\n<p class=\"has-black-color has-text-color has-medium-font-size\"><strong>Qualquer esclarecimento adicional contactar a piscina<\/strong>.<\/p>\n\n\n\n<p class=\"has-black-color has-text-color has-medium-font-size\"><strong> Telefone: 253 574 332 <\/strong><\/p>\n\n\n\n<p class=\"has-black-color has-text-color has-medium-font-size\"><strong>Email: piscina@bvtaipas.com<\/strong><\/p>\n","protected":false},"excerpt":{"rendered":"<p>NATA\u00c7\u00c3O LIVRES &#8211; HOR\u00c1RIOS AULAS COM MONITOR &#8211; HOR\u00c1RIO REGULAMENTO E NORMAS DE UTILIZA\u00c7\u00c3O DA PISCINA Qualquer esclarecimento adicional contactar a piscina. Telefone: 253 574 332 Email: piscina@bvtaipas.com<\/p>\n","protected":false},"author":2,"featured_media":0,"parent":27,"menu_order":0,"comment_status":"open","ping_status":"closed","template":"","meta":{"ngg_post_thumbnail":0,"footnotes":""},"class_list":["post-327","page","type-page","status-publish","hentry"],"_links":{"self":[{"href":"https:\/\/antigo.bvtaipas.com\/site\/wp-json\/wp\/v2\/pages\/327","targetHints":{"allow":["GET"]}}],"collection":[{"href":"https:\/\/antigo.bvtaipas.com\/site\/wp-json\/wp\/v2\/pages"}],"about":[{"href":"https:\/\/antigo.bvtaipas.com\/site\/wp-json\/wp\/v2\/types\/page"}],"author":[{"embeddable":true,"href":"https:\/\/antigo.bvtaipas.com\/site\/wp-json\/wp\/v2\/users\/2"}],"replies":[{"embeddable":true,"href":"https:\/\/antigo.bvtaipas.com\/site\/wp-json\/wp\/v2\/comments?post=327"}],"version-history":[{"count":70,"href":"https:\/\/antigo.bvtaipas.com\/site\/wp-json\/wp\/v2\/pages\/327\/revisions"}],"predecessor-version":[{"id":7600,"href":"https:\/\/antigo.bvtaipas.com\/site\/wp-json\/wp\/v2\/pages\/327\/revisions\/7600"}],"up":[{"embeddable":true,"href":"https:\/\/antigo.bvtaipas.com\/site\/wp-json\/wp\/v2\/pages\/27"}],"wp:attachment":[{"href":"https:\/\/antigo.bvtaipas.com\/site\/wp-json\/wp\/v2\/media?parent=327"}],"curies":[{"name":"wp","href":"https:\/\/api.w.org\/{rel}","templated":true}]}}