{"id":3571,"date":"2013-12-05T20:16:16","date_gmt":"2013-12-05T20:16:16","guid":{"rendered":"http:\/\/antigo.bvtaipas.com\/site\/?page_id=3571"},"modified":"2025-09-22T17:15:12","modified_gmt":"2025-09-22T17:15:12","slug":"legislacao","status":"publish","type":"page","link":"https:\/\/antigo.bvtaipas.com\/site\/corporacao\/legislacao\/","title":{"rendered":"Legisla\u00e7\u00e3o"},"content":{"rendered":"<ul>\n<li><span style=\"color: #003300;\"><strong><a style=\"color: #003300;\" href=\"http:\/\/antigo.bvtaipas.com\/site\/wp-content\/uploads\/2013\/12\/ESTATUTOS-BVT-com-altera\u00e7\u00e3o-aprovada-em-AG-de-22-03-2013.pdf\">Estatutos BVT (com altera\u00e7\u00e3o aprovada em AG de 22 03 2013)<\/a>;<\/strong><\/span><\/li>\n<\/ul>\n<ul>\n<li><a href=\"https:\/\/antigo.bvtaipas.com\/site\/wp-content\/uploads\/2019\/10\/Regulamento-Eleitoral-18.03.2016.pdf\"><span style=\"color: #003300;\"><strong>Regulamento Eleitoral BVT&nbsp;18\/03\/2016<\/strong><\/span><\/a><\/li>\n<\/ul>\n<ul>\n<li><span style=\"color: #003300;\"><strong><a style=\"color: #003300;\" href=\"\/\/antigo.bvtaipas.com\/site\/wp-content\/uploads\/2025\/09\/RGI-Versao-Atualizada-em-2024_compressed-1.pdf\">RGI (com altera\u00e7\u00e3o aprovada em AG de 23 04 2024)<\/a>;<\/strong><\/span><\/li>\n<\/ul>\n<ul>\n<li><span style=\"color: #003300;\"><strong><a style=\"color: #003300;\" href=\"http:\/\/antigo.bvtaipas.com\/site\/wp-content\/uploads\/2016\/05\/Regulamento-de-distin\u00e7\u00f5es-honorificas.pdf\">&nbsp;Regulamento de distin\u00e7\u00f5es honor\u00edficas<\/a>.<\/strong><\/span><\/li>\n<\/ul>\n\n","protected":false},"excerpt":{"rendered":"<p>Estatutos BVT (com altera\u00e7\u00e3o aprovada em AG de 22 03 2013); Regulamento Eleitoral BVT&nbsp;18\/03\/2016 RGI (com altera\u00e7\u00e3o aprovada em AG de 23 04 2024); &nbsp;Regulamento de distin\u00e7\u00f5es honor\u00edficas.<\/p>\n","protected":false},"author":2,"featured_media":0,"parent":27,"menu_order":0,"comment_status":"open","ping_status":"closed","template":"","meta":{"ngg_post_thumbnail":0,"footnotes":""},"class_list":["post-3571","page","type-page","status-publish","hentry"],"_links":{"self":[{"href":"https:\/\/antigo.bvtaipas.com\/site\/wp-json\/wp\/v2\/pages\/3571","targetHints":{"allow":["GET"]}}],"collection":[{"href":"https:\/\/antigo.bvtaipas.com\/site\/wp-json\/wp\/v2\/pages"}],"about":[{"href":"https:\/\/antigo.bvtaipas.com\/site\/wp-json\/wp\/v2\/types\/page"}],"author":[{"embeddable":true,"href":"https:\/\/antigo.bvtaipas.com\/site\/wp-json\/wp\/v2\/users\/2"}],"replies":[{"embeddable":true,"href":"https:\/\/antigo.bvtaipas.com\/site\/wp-json\/wp\/v2\/comments?post=3571"}],"version-history":[{"count":16,"href":"https:\/\/antigo.bvtaipas.com\/site\/wp-json\/wp\/v2\/pages\/3571\/revisions"}],"predecessor-version":[{"id":7680,"href":"https:\/\/antigo.bvtaipas.com\/site\/wp-json\/wp\/v2\/pages\/3571\/revisions\/7680"}],"up":[{"embeddable":true,"href":"https:\/\/antigo.bvtaipas.com\/site\/wp-json\/wp\/v2\/pages\/27"}],"wp:attachment":[{"href":"https:\/\/antigo.bvtaipas.com\/site\/wp-json\/wp\/v2\/media?parent=3571"}],"curies":[{"name":"wp","href":"https:\/\/api.w.org\/{rel}","templated":true}]}}