{"id":41,"date":"2011-03-25T11:27:20","date_gmt":"2011-03-25T11:27:20","guid":{"rendered":"http:\/\/antigo.bvtaipas.com\/site\/?page_id=41"},"modified":"2016-09-15T13:47:47","modified_gmt":"2016-09-15T13:47:47","slug":"galerias","status":"publish","type":"page","link":"https:\/\/antigo.bvtaipas.com\/site\/galerias\/","title":{"rendered":"Operacional"},"content":{"rendered":"<p><span style=\"color: #000000;\"><em><strong>&#8220;Como um clarim soando pelos montes,<\/strong><\/em><\/span><br \/>\n<span style=\"color: #000000;\"><em> <strong>A aurora acorda, pl\u00e1cida e inflex\u00edvel,<\/strong><\/em><\/span><br \/>\n<span style=\"color: #000000;\"><em> <strong>As mis\u00e9rias da terra: e a hoste horr\u00edvel,<\/strong><\/em><\/span><br \/>\n<span style=\"color: #000000;\"><em> <strong>Enchendo de clamor os horizontes,<\/strong><\/em><\/span><\/p>\n<p><span style=\"color: #000000;\"><em><strong>Torva, cega, col\u00e9rica, faminta,<\/strong><\/em><\/span><br \/>\n<span style=\"color: #000000;\"><em> <strong>Surge mais uma vez e arma-se \u00e0 pressa<\/strong><\/em><\/span><br \/>\n<span style=\"color: #000000;\"><em> <strong>Para o bruto combate, que n\u00e3o cessa,<\/strong><\/em><\/span><br \/>\n<span style=\"color: #000000;\"><em> <strong>Onde \u00e9 vencida sempre e nunca extinta!&#8221;<\/strong><\/em><\/span><\/p>\n<p><span style=\"color: #000000;\"><em><strong>Hino da Manh\u00e3, Antero de Quental<\/strong><\/em><\/span><\/p>\n","protected":false},"excerpt":{"rendered":"<p>&#8220;Como um clarim soando pelos montes, A aurora acorda, pl\u00e1cida e inflex\u00edvel, As mis\u00e9rias da terra: e a hoste horr\u00edvel, Enchendo de clamor os horizontes, Torva, cega, col\u00e9rica, faminta, Surge mais uma vez e arma-se \u00e0 pressa Para o bruto<\/p>\n","protected":false},"author":4,"featured_media":0,"parent":0,"menu_order":2,"comment_status":"open","ping_status":"closed","template":"","meta":{"ngg_post_thumbnail":0,"footnotes":""},"class_list":["post-41","page","type-page","status-publish","hentry"],"_links":{"self":[{"href":"https:\/\/antigo.bvtaipas.com\/site\/wp-json\/wp\/v2\/pages\/41","targetHints":{"allow":["GET"]}}],"collection":[{"href":"https:\/\/antigo.bvtaipas.com\/site\/wp-json\/wp\/v2\/pages"}],"about":[{"href":"https:\/\/antigo.bvtaipas.com\/site\/wp-json\/wp\/v2\/types\/page"}],"author":[{"embeddable":true,"href":"https:\/\/antigo.bvtaipas.com\/site\/wp-json\/wp\/v2\/users\/4"}],"replies":[{"embeddable":true,"href":"https:\/\/antigo.bvtaipas.com\/site\/wp-json\/wp\/v2\/comments?post=41"}],"version-history":[{"count":16,"href":"https:\/\/antigo.bvtaipas.com\/site\/wp-json\/wp\/v2\/pages\/41\/revisions"}],"predecessor-version":[{"id":3111,"href":"https:\/\/antigo.bvtaipas.com\/site\/wp-json\/wp\/v2\/pages\/41\/revisions\/3111"}],"wp:attachment":[{"href":"https:\/\/antigo.bvtaipas.com\/site\/wp-json\/wp\/v2\/media?parent=41"}],"curies":[{"name":"wp","href":"https:\/\/api.w.org\/{rel}","templated":true}]}}