{"id":52,"date":"2011-03-25T19:55:57","date_gmt":"2011-03-25T19:55:57","guid":{"rendered":"http:\/\/antigo.bvtaipas.com\/site\/?page_id=52"},"modified":"2022-12-13T11:13:07","modified_gmt":"2022-12-13T11:13:07","slug":"orgaos-sociais","status":"publish","type":"page","link":"https:\/\/antigo.bvtaipas.com\/site\/corporacao\/orgaos-sociais\/","title":{"rendered":"\u00d3rg\u00e3os Sociais"},"content":{"rendered":"\n<figure class=\"wp-block-table is-style-regular has-medium-font-size\"><table class=\"has-black-color has-text-color\"><tbody><tr><td class=\"has-text-align-center\" data-align=\"center\"><strong>MESA DA ASSEMBLEIA GERAL<\/strong><\/td><\/tr><\/tbody><\/table><\/figure>\n\n\n\n<div class=\"wp-block-group\"><div class=\"wp-block-group__inner-container is-layout-constrained wp-block-group-is-layout-constrained\">\n<figure class=\"wp-block-table is-style-regular\"><table class=\"has-black-color has-text-color\"><tbody><tr><td><strong>CARGO<\/strong><\/td><td><strong>NOME<\/strong><\/td><\/tr><tr><td>Presidente<\/td><td>Jos\u00e9 Lu\u00eds da Silva Azevedo Oliveira                        <\/td><\/tr><tr><td>Vice-Presidente<\/td><td>Porf\u00edrio de Oliveira Martinho<\/td><\/tr><tr><td>1\u00ba Secret\u00e1rio<\/td><td>Julieta Raquel da Silva Castro Salgueiro<\/td><\/tr><tr><td>2\u00ba Secret\u00e1rio<\/td><td>Dion\u00edsio Cardoso Ribeiro<\/td><\/tr><\/tbody><\/table><\/figure>\n<\/div><\/div>\n\n\n\n<figure class=\"wp-block-table is-style-regular has-medium-font-size\"><table class=\"has-black-color has-text-color\"><tbody><tr><td class=\"has-text-align-center\" data-align=\"center\"><strong>DIREC\u00c7\u00c3O<\/strong><\/td><\/tr><\/tbody><\/table><\/figure>\n\n\n\n<p><\/p>\n\n\n\n<div class=\"wp-block-group\"><div class=\"wp-block-group__inner-container is-layout-constrained wp-block-group-is-layout-constrained\">\n<figure class=\"wp-block-table is-style-regular\"><table class=\"has-black-color has-text-color\"><tbody><tr><td><strong>CARGO<\/strong><\/td><td><strong>NOME<\/strong><\/td><\/tr><tr><td>Presidente<\/td><td>Lu\u00eds Miguel de Freitas Marques Carvalho Soares <\/td><\/tr><tr><td>Vice-Presidente<\/td><td>Ernesto Manuel Figueiredo Soares<\/td><\/tr><tr><td>Vice-Presidente<\/td><td>Manuel Am\u00e9rico Antunes de Freitas<\/td><\/tr><tr><td>Secret\u00e1rio<\/td><td>Ant\u00f3nio Joaquim Azevedo de Oliveira<\/td><\/tr><tr><td>Tesoureiro<\/td><td>Cristina Maria da Silva Marques<\/td><\/tr><tr><td>Vogal<\/td><td>Miguel Ribeiro de Sousa<\/td><\/tr><tr><td>Vogal<\/td><td>\u00c2ngela Maria Esteves da Silva<\/td><\/tr><\/tbody><\/table><\/figure>\n<\/div><\/div>\n\n\n\n<figure class=\"wp-block-table is-style-regular has-medium-font-size\"><table class=\"has-black-color has-text-color\"><tbody><tr><td class=\"has-text-align-center\" data-align=\"center\"><strong>CONSELHO FISCAL<\/strong><\/td><\/tr><\/tbody><\/table><\/figure>\n\n\n\n<div class=\"wp-block-group\"><div class=\"wp-block-group__inner-container is-layout-constrained wp-block-group-is-layout-constrained\">\n<figure class=\"wp-block-table is-style-regular\"><table class=\"has-black-color has-text-color\"><tbody><tr><td><strong>CARGO<\/strong><\/td><td><strong>NOME<\/strong><\/td><\/tr><tr><td>Presidente<\/td><td>Domingos Manuel da Costa Marques                             <\/td><\/tr><tr><td>Vice-Presidente<\/td><td>Eduardo Jos\u00e9 Gomes da Silva<\/td><\/tr><tr><td>Secret\u00e1rio Relator<\/td><td>Ana Sofia Freitas Teixeira Castro<\/td><\/tr><\/tbody><\/table><\/figure>\n<\/div><\/div>\n","protected":false},"excerpt":{"rendered":"<p>MESA DA ASSEMBLEIA GERAL CARGO NOME Presidente Jos\u00e9 Lu\u00eds da Silva Azevedo Oliveira Vice-Presidente Porf\u00edrio de Oliveira Martinho 1\u00ba Secret\u00e1rio Julieta Raquel da Silva Castro Salgueiro 2\u00ba Secret\u00e1rio Dion\u00edsio Cardoso Ribeiro DIREC\u00c7\u00c3O CARGO NOME Presidente Lu\u00eds Miguel de Freitas Marques<\/p>\n","protected":false},"author":2,"featured_media":0,"parent":27,"menu_order":0,"comment_status":"open","ping_status":"closed","template":"","meta":{"ngg_post_thumbnail":0,"footnotes":""},"class_list":["post-52","page","type-page","status-publish","hentry"],"_links":{"self":[{"href":"https:\/\/antigo.bvtaipas.com\/site\/wp-json\/wp\/v2\/pages\/52","targetHints":{"allow":["GET"]}}],"collection":[{"href":"https:\/\/antigo.bvtaipas.com\/site\/wp-json\/wp\/v2\/pages"}],"about":[{"href":"https:\/\/antigo.bvtaipas.com\/site\/wp-json\/wp\/v2\/types\/page"}],"author":[{"embeddable":true,"href":"https:\/\/antigo.bvtaipas.com\/site\/wp-json\/wp\/v2\/users\/2"}],"replies":[{"embeddable":true,"href":"https:\/\/antigo.bvtaipas.com\/site\/wp-json\/wp\/v2\/comments?post=52"}],"version-history":[{"count":74,"href":"https:\/\/antigo.bvtaipas.com\/site\/wp-json\/wp\/v2\/pages\/52\/revisions"}],"predecessor-version":[{"id":7412,"href":"https:\/\/antigo.bvtaipas.com\/site\/wp-json\/wp\/v2\/pages\/52\/revisions\/7412"}],"up":[{"embeddable":true,"href":"https:\/\/antigo.bvtaipas.com\/site\/wp-json\/wp\/v2\/pages\/27"}],"wp:attachment":[{"href":"https:\/\/antigo.bvtaipas.com\/site\/wp-json\/wp\/v2\/media?parent=52"}],"curies":[{"name":"wp","href":"https:\/\/api.w.org\/{rel}","templated":true}]}}