{"id":5485,"date":"2018-09-03T14:12:14","date_gmt":"2018-09-03T14:12:14","guid":{"rendered":"http:\/\/antigo.bvtaipas.com\/site\/?page_id=5485"},"modified":"2019-05-27T21:01:33","modified_gmt":"2019-05-27T21:01:33","slug":"1a-reuniao-internacional-de-emergencia-extra-hospitalar","status":"publish","type":"page","link":"https:\/\/antigo.bvtaipas.com\/site\/1a-reuniao-internacional-de-emergencia-extra-hospitalar\/","title":{"rendered":"1\u00aa Reuni\u00e3o Internacional de Emerg\u00eancia Extra-Hospitalar"},"content":{"rendered":"<p><strong>Descri\u00e7\u00e3o:<\/strong> A Associa\u00e7\u00e3o Humanit\u00e1ria dos Bombeiros Volunt\u00e1rios das Caldas das Taipas, vai realizar no dia 10 de Novembro, a sua 1\u00aa reuni\u00e3o internacional de emerg\u00eancia extra-hospitalar.<\/p>\n<p>Esta reuni\u00e3o, pretende criar um espa\u00e7o de encontro dos profissionais da \u00e1rea da sa\u00fade,&nbsp; de atualiza\u00e7\u00e3o de conhecimentos, discuss\u00e3o e de divulga\u00e7\u00e3o cient\u00edfica na \u00e1rea da emerg\u00eancia extra-hospitalar.<\/p>\n<p>&nbsp;<\/p>\n<h3 style=\"text-align: center;\"><a href=\"http:\/\/antigo.bvtaipas.com\/site\/programa-2\/\"><strong>Programa<\/strong><\/a><\/h3>\n<h3 style=\"text-align: center;\">Inscri\u00e7\u00e3o<\/h3>\n<h3 style=\"text-align: center;\"><a href=\"http:\/\/antigo.bvtaipas.com\/site\/local\/\">Localiza\u00e7\u00e3o Evento<\/a><\/h3>\n<h3 style=\"text-align: center;\"><a href=\"http:\/\/antigo.bvtaipas.com\/site\/parceiros-institucionais\/\">Parceiros Institucionais<\/a><\/h3>\n<h3 style=\"text-align: center;\"><a href=\"http:\/\/antigo.bvtaipas.com\/site\/?page_id=5739&amp;preview=true\">Oradores\/Moderadores<\/a><\/h3>\n<p>&nbsp;<\/p>\n<p><img loading=\"lazy\" decoding=\"async\" class=\"aligncenter size-full wp-image-5735\" src=\"http:\/\/antigo.bvtaipas.com\/site\/wp-content\/uploads\/2018\/10\/cartaz_bvt_7.png\" alt=\"\" width=\"724\" height=\"1024\" srcset=\"https:\/\/antigo.bvtaipas.com\/site\/wp-content\/uploads\/2018\/10\/cartaz_bvt_7.png 724w, https:\/\/antigo.bvtaipas.com\/site\/wp-content\/uploads\/2018\/10\/cartaz_bvt_7-600x849.png 600w, https:\/\/antigo.bvtaipas.com\/site\/wp-content\/uploads\/2018\/10\/cartaz_bvt_7-212x300.png 212w, https:\/\/antigo.bvtaipas.com\/site\/wp-content\/uploads\/2018\/10\/cartaz_bvt_7-768x1086.png 768w\" sizes=\"auto, (max-width: 724px) 100vw, 724px\" \/><\/p>\n","protected":false},"excerpt":{"rendered":"<p>Descri\u00e7\u00e3o: A Associa\u00e7\u00e3o Humanit\u00e1ria dos Bombeiros Volunt\u00e1rios das Caldas das Taipas, vai realizar no dia 10 de Novembro, a sua 1\u00aa reuni\u00e3o internacional de emerg\u00eancia extra-hospitalar. Esta reuni\u00e3o, pretende criar um espa\u00e7o de encontro dos profissionais da \u00e1rea da sa\u00fade,&nbsp;<\/p>\n","protected":false},"author":4,"featured_media":0,"parent":0,"menu_order":0,"comment_status":"closed","ping_status":"closed","template":"","meta":{"ngg_post_thumbnail":0,"footnotes":""},"class_list":["post-5485","page","type-page","status-publish","hentry"],"_links":{"self":[{"href":"https:\/\/antigo.bvtaipas.com\/site\/wp-json\/wp\/v2\/pages\/5485","targetHints":{"allow":["GET"]}}],"collection":[{"href":"https:\/\/antigo.bvtaipas.com\/site\/wp-json\/wp\/v2\/pages"}],"about":[{"href":"https:\/\/antigo.bvtaipas.com\/site\/wp-json\/wp\/v2\/types\/page"}],"author":[{"embeddable":true,"href":"https:\/\/antigo.bvtaipas.com\/site\/wp-json\/wp\/v2\/users\/4"}],"replies":[{"embeddable":true,"href":"https:\/\/antigo.bvtaipas.com\/site\/wp-json\/wp\/v2\/comments?post=5485"}],"version-history":[{"count":21,"href":"https:\/\/antigo.bvtaipas.com\/site\/wp-json\/wp\/v2\/pages\/5485\/revisions"}],"predecessor-version":[{"id":6710,"href":"https:\/\/antigo.bvtaipas.com\/site\/wp-json\/wp\/v2\/pages\/5485\/revisions\/6710"}],"wp:attachment":[{"href":"https:\/\/antigo.bvtaipas.com\/site\/wp-json\/wp\/v2\/media?parent=5485"}],"curies":[{"name":"wp","href":"https:\/\/api.w.org\/{rel}","templated":true}]}}