{"id":5604,"date":"2018-09-06T07:36:17","date_gmt":"2018-09-06T07:36:17","guid":{"rendered":"http:\/\/antigo.bvtaipas.com\/site\/?page_id=5604"},"modified":"2019-03-16T10:41:55","modified_gmt":"2019-03-16T10:41:55","slug":"programa-2","status":"publish","type":"page","link":"https:\/\/antigo.bvtaipas.com\/site\/programa-2\/","title":{"rendered":"Programa"},"content":{"rendered":"\n<p><\/p>\n\n\n<h1 style=\"text-align: center;\"><span style=\"color: #000000;\">Programa Forma\u00e7\u00e3o MRMI<\/span><\/h1>\n<h1 style=\"text-align: center;\"><span style=\"color: #000000;\">Esperamos por ti!<\/span><\/h1>\n\n\n<figure class=\"wp-block-image\"><img loading=\"lazy\" decoding=\"async\" width=\"1416\" height=\"2000\" src=\"https:\/\/antigo.bvtaipas.com\/site\/wp-content\/uploads\/2019\/03\/Programa-MRMI-3-1416x2000.jpg\" alt=\"\" class=\"wp-image-6668\" srcset=\"https:\/\/antigo.bvtaipas.com\/site\/wp-content\/uploads\/2019\/03\/Programa-MRMI-3-1416x2000.jpg 1416w, https:\/\/antigo.bvtaipas.com\/site\/wp-content\/uploads\/2019\/03\/Programa-MRMI-3-106x150.jpg 106w, https:\/\/antigo.bvtaipas.com\/site\/wp-content\/uploads\/2019\/03\/Programa-MRMI-3-212x300.jpg 212w, https:\/\/antigo.bvtaipas.com\/site\/wp-content\/uploads\/2019\/03\/Programa-MRMI-3-768x1085.jpg 768w, https:\/\/antigo.bvtaipas.com\/site\/wp-content\/uploads\/2019\/03\/Programa-MRMI-3.jpg 1062w\" sizes=\"auto, (max-width: 1416px) 100vw, 1416px\" \/><\/figure>\n\n\n\n<h6 class=\"wp-block-heading\" style=\"text-align:center\"><a href=\"http:\/\/antigo.bvtaipas.com\/site\/1a-reuniao-internacional-de-emergencia-extra-hospitalar\/\"><strong>Voltar P\u00e1gina Inicial<\/strong><\/a><\/h6>\n\n\n\n<p><\/p>\n","protected":false},"excerpt":{"rendered":"<p>Programa Forma\u00e7\u00e3o MRMI Esperamos por ti! Voltar P\u00e1gina Inicial<\/p>\n","protected":false},"author":2,"featured_media":0,"parent":0,"menu_order":0,"comment_status":"closed","ping_status":"closed","template":"","meta":{"ngg_post_thumbnail":0,"footnotes":""},"class_list":["post-5604","page","type-page","status-publish","hentry"],"_links":{"self":[{"href":"https:\/\/antigo.bvtaipas.com\/site\/wp-json\/wp\/v2\/pages\/5604","targetHints":{"allow":["GET"]}}],"collection":[{"href":"https:\/\/antigo.bvtaipas.com\/site\/wp-json\/wp\/v2\/pages"}],"about":[{"href":"https:\/\/antigo.bvtaipas.com\/site\/wp-json\/wp\/v2\/types\/page"}],"author":[{"embeddable":true,"href":"https:\/\/antigo.bvtaipas.com\/site\/wp-json\/wp\/v2\/users\/2"}],"replies":[{"embeddable":true,"href":"https:\/\/antigo.bvtaipas.com\/site\/wp-json\/wp\/v2\/comments?post=5604"}],"version-history":[{"count":15,"href":"https:\/\/antigo.bvtaipas.com\/site\/wp-json\/wp\/v2\/pages\/5604\/revisions"}],"predecessor-version":[{"id":6669,"href":"https:\/\/antigo.bvtaipas.com\/site\/wp-json\/wp\/v2\/pages\/5604\/revisions\/6669"}],"wp:attachment":[{"href":"https:\/\/antigo.bvtaipas.com\/site\/wp-json\/wp\/v2\/media?parent=5604"}],"curies":[{"name":"wp","href":"https:\/\/api.w.org\/{rel}","templated":true}]}}