{"id":5681,"date":"2018-09-18T20:50:03","date_gmt":"2018-09-18T20:50:03","guid":{"rendered":"http:\/\/antigo.bvtaipas.com\/site\/?page_id=5681"},"modified":"2019-05-27T21:17:13","modified_gmt":"2019-05-27T21:17:13","slug":"inscricao","status":"publish","type":"page","link":"https:\/\/antigo.bvtaipas.com\/site\/inscricao\/","title":{"rendered":"Inscri\u00e7\u00e3o"},"content":{"rendered":"<h5><span style=\"color: #000000;\">Valor Inscri\u00e7\u00e3o:<\/span><\/h5>\n<ul>\n<li><span style=\"color: #000000;\"><b>250 Euros<\/b><\/span>.<\/li>\n<\/ul>\n<p>Alertamos para as inscri\u00e7\u00f5es limitadas a 100 participantes.<\/p>\n<h1 style=\"text-align: center;\"><span style=\"color: #3366ff;\"><strong>INSCRI\u00c7\u00c3O<\/strong><\/span><\/h1>\n<p><span style=\"color: #000000;\"><strong>A inscri\u00e7\u00e3o inclu\u00ed:<\/strong><\/span><\/p>\n<ul>\n<li><span style=\"color: #000000;\">Certificado de Participa\u00e7\u00e3o;<\/span><\/li>\n<li><span style=\"color: #000000;\">Manuais ( Via Digital);<\/span><\/li>\n<li><span style=\"color: #000000;\">Alimenta\u00e7\u00e3o.<\/span><\/li>\n<\/ul>\n<p>&nbsp;<\/p>\n<p><span style=\"color: #000000;\"><strong>Nota<\/strong><strong>&nbsp;Importante:<\/strong><\/span><\/p>\n<ul>\n<li><span style=\"color: #000000;\">&nbsp;Ap\u00f3s submeter a sua inscri\u00e7\u00e3o, a mesma ser\u00e1 validada pela organiza\u00e7\u00e3o da forma\u00e7\u00e3o. Ap\u00f3s essa valida\u00e7\u00e3o, ir\u00e1 receber um e-mail com os dados para efetuar o pagamento e confirmar a participa\u00e7\u00e3o na forma\u00e7\u00e3o.<\/span><\/li>\n<\/ul>\n<p>&nbsp;<\/p>\n<h6 style=\"text-align: center;\"><strong><span style=\"color: #000000;\"><a style=\"color: #000000;\" href=\"https:\/\/antigo.bvtaipas.com\/site\/curso-mrmi\/\">Voltar P\u00e1gina Inicial<\/a><\/span><\/strong><\/h6>\n","protected":false},"excerpt":{"rendered":"<p>Valor Inscri\u00e7\u00e3o: 250 Euros. Alertamos para as inscri\u00e7\u00f5es limitadas a 100 participantes. INSCRI\u00c7\u00c3O A inscri\u00e7\u00e3o inclu\u00ed: Certificado de Participa\u00e7\u00e3o; Manuais ( Via Digital); Alimenta\u00e7\u00e3o. &nbsp; Nota&nbsp;Importante: &nbsp;Ap\u00f3s submeter a sua inscri\u00e7\u00e3o, a mesma ser\u00e1 validada pela organiza\u00e7\u00e3o da forma\u00e7\u00e3o. Ap\u00f3s<\/p>\n","protected":false},"author":2,"featured_media":0,"parent":0,"menu_order":0,"comment_status":"closed","ping_status":"closed","template":"","meta":{"ngg_post_thumbnail":0,"footnotes":""},"class_list":["post-5681","page","type-page","status-publish","hentry"],"_links":{"self":[{"href":"https:\/\/antigo.bvtaipas.com\/site\/wp-json\/wp\/v2\/pages\/5681","targetHints":{"allow":["GET"]}}],"collection":[{"href":"https:\/\/antigo.bvtaipas.com\/site\/wp-json\/wp\/v2\/pages"}],"about":[{"href":"https:\/\/antigo.bvtaipas.com\/site\/wp-json\/wp\/v2\/types\/page"}],"author":[{"embeddable":true,"href":"https:\/\/antigo.bvtaipas.com\/site\/wp-json\/wp\/v2\/users\/2"}],"replies":[{"embeddable":true,"href":"https:\/\/antigo.bvtaipas.com\/site\/wp-json\/wp\/v2\/comments?post=5681"}],"version-history":[{"count":19,"href":"https:\/\/antigo.bvtaipas.com\/site\/wp-json\/wp\/v2\/pages\/5681\/revisions"}],"predecessor-version":[{"id":6711,"href":"https:\/\/antigo.bvtaipas.com\/site\/wp-json\/wp\/v2\/pages\/5681\/revisions\/6711"}],"wp:attachment":[{"href":"https:\/\/antigo.bvtaipas.com\/site\/wp-json\/wp\/v2\/media?parent=5681"}],"curies":[{"name":"wp","href":"https:\/\/api.w.org\/{rel}","templated":true}]}}