{"id":57,"date":"2011-03-25T19:58:15","date_gmt":"2011-03-25T19:58:15","guid":{"rendered":"http:\/\/antigo.bvtaipas.com\/site\/?page_id=57"},"modified":"2024-01-11T00:05:52","modified_gmt":"2024-01-11T00:05:52","slug":"comando","status":"publish","type":"page","link":"https:\/\/antigo.bvtaipas.com\/site\/galerias\/corpo-de-bombeiros\/comando\/","title":{"rendered":"Comando"},"content":{"rendered":"\n<div class=\"wp-block-columns has-black-color has-text-color is-layout-flex wp-container-core-columns-is-layout-9d6595d7 wp-block-columns-is-layout-flex\">\n<div class=\"wp-block-column is-layout-flow wp-block-column-is-layout-flow\" style=\"flex-basis:100%\">\n<div>&#8220;Como um clarim soando pelos montes,<\/div>\n<div>A aurora acorda, pl\u00e1cida e inflex\u00edvel,<\/div>\n<div>As mis\u00e9rias da terra: e a hoste horr\u00edvel,<\/div>\n<div>Enchendo de clamor os horizontes,<\/div>\n<div>Torva, cega, col\u00e9rica, faminta,<\/div>\n<div>Surge mais uma vez e arma-se \u00e0 pressa<\/div>\n<div>Para o bruto combate, que n\u00e3o cessa,<\/div>\n<div>Onde \u00e9 vencida sempre e nunca extinta!&#8221;<\/div>\n<div>&nbsp;<\/div>\n<div><em>Hino da Manh\u00e3,<\/em> Antero de Quental<\/div>\n<div>&nbsp;<\/div>\n<\/div>\n<\/div>\n\n\n\n<figure class=\"wp-block-table is-style-regular has-medium-font-size\"><table class=\"has-black-color has-text-color has-link-color\"><tbody><tr><td class=\"has-text-align-center\" data-align=\"center\"><br \/><img loading=\"lazy\" decoding=\"async\" width=\"50\" height=\"77\" class=\"wp-image-7553\" style=\"width: 50px;\" src=\"https:\/\/antigo.bvtaipas.com\/site\/wp-content\/uploads\/2024\/01\/cmdt1-2.jpg\" alt=\"\"\/><\/td><td class=\"has-text-align-center\" data-align=\"center\"><br \/><br \/><strong>COMANDANTE<\/strong><\/td><\/tr><tr><td class=\"has-text-align-center\" data-align=\"center\"><strong>N\u00ba INTERNO<\/strong><\/td><td class=\"has-text-align-center\" data-align=\"center\"><strong>NOME<\/strong><\/td><\/tr><tr><td class=\"has-text-align-center\" data-align=\"center\">1<\/td><td class=\"has-text-align-center\" data-align=\"center\">Hermenegildo Silv\u00e9rio Abreu<\/td><\/tr><tr><td class=\"has-text-align-center\" data-align=\"center\"><br \/><img loading=\"lazy\" decoding=\"async\" width=\"50\" height=\"77\" class=\"wp-image-7397\" style=\"width: 50px;\" src=\"https:\/\/antigo.bvtaipas.com\/site\/wp-content\/uploads\/2022\/12\/2o-cmdt1-1.jpg\" alt=\"\"\/><\/td><td class=\"has-text-align-center\" data-align=\"center\"><br \/><br \/><strong>2\u00ba COMANDANTE<\/strong><\/td><\/tr><tr><td class=\"has-text-align-center\" data-align=\"center\"><strong>N\u00ba INTERNO<\/strong><\/td><td class=\"has-text-align-center\" data-align=\"center\"><strong>NOME<\/strong><\/td><\/tr><tr><td class=\"has-text-align-center\" data-align=\"center\">2<\/td><td class=\"has-text-align-center\" data-align=\"center\">Jos\u00e9 Augusto Matos Ferreira<\/td><\/tr><tr><td class=\"has-text-align-center\" data-align=\"center\"><br \/><img loading=\"lazy\" decoding=\"async\" width=\"42\" height=\"74\" class=\"wp-image-7266\" style=\"width: 42px;\" src=\"https:\/\/antigo.bvtaipas.com\/site\/wp-content\/uploads\/2022\/02\/Galoes-e-divisas-dos-Bombeiros-portugueses-1.jpg\" alt=\"\"\/><\/td><td class=\"has-text-align-center\" data-align=\"center\"><br \/><br \/><strong>ADJUNTO COMANDO<\/strong><\/td><\/tr><tr><td class=\"has-text-align-center\" data-align=\"center\"><strong>N\u00ba INTERNO<\/strong><\/td><td class=\"has-text-align-center\" data-align=\"center\"><strong>NOME<\/strong><\/td><\/tr><tr><td class=\"has-text-align-center\" data-align=\"center\">3<\/td><td class=\"has-text-align-center\" data-align=\"center\">Tiago Emanuel Rodrigues da Silva<\/td><\/tr><tr><td class=\"has-text-align-center\" data-align=\"center\">4<\/td><td class=\"has-text-align-center\" data-align=\"center\">Jo\u00e3o Paulo Marques Ribeiro<\/td><\/tr><\/tbody><\/table><\/figure>\n\n\n\n<p><\/p>\n","protected":false},"excerpt":{"rendered":"<p>&#8220;Como um clarim soando pelos montes, A aurora acorda, pl\u00e1cida e inflex\u00edvel, As mis\u00e9rias da terra: e a hoste horr\u00edvel, Enchendo de clamor os horizontes, Torva, cega, col\u00e9rica, faminta, Surge mais uma vez e arma-se \u00e0 pressa Para o bruto<\/p>\n","protected":false},"author":2,"featured_media":0,"parent":55,"menu_order":1,"comment_status":"open","ping_status":"closed","template":"","meta":{"ngg_post_thumbnail":0,"footnotes":""},"class_list":["post-57","page","type-page","status-publish","hentry"],"_links":{"self":[{"href":"https:\/\/antigo.bvtaipas.com\/site\/wp-json\/wp\/v2\/pages\/57","targetHints":{"allow":["GET"]}}],"collection":[{"href":"https:\/\/antigo.bvtaipas.com\/site\/wp-json\/wp\/v2\/pages"}],"about":[{"href":"https:\/\/antigo.bvtaipas.com\/site\/wp-json\/wp\/v2\/types\/page"}],"author":[{"embeddable":true,"href":"https:\/\/antigo.bvtaipas.com\/site\/wp-json\/wp\/v2\/users\/2"}],"replies":[{"embeddable":true,"href":"https:\/\/antigo.bvtaipas.com\/site\/wp-json\/wp\/v2\/comments?post=57"}],"version-history":[{"count":91,"href":"https:\/\/antigo.bvtaipas.com\/site\/wp-json\/wp\/v2\/pages\/57\/revisions"}],"predecessor-version":[{"id":7554,"href":"https:\/\/antigo.bvtaipas.com\/site\/wp-json\/wp\/v2\/pages\/57\/revisions\/7554"}],"up":[{"embeddable":true,"href":"https:\/\/antigo.bvtaipas.com\/site\/wp-json\/wp\/v2\/pages\/55"}],"wp:attachment":[{"href":"https:\/\/antigo.bvtaipas.com\/site\/wp-json\/wp\/v2\/media?parent=57"}],"curies":[{"name":"wp","href":"https:\/\/api.w.org\/{rel}","templated":true}]}}