{"id":62,"date":"2011-03-25T20:00:53","date_gmt":"2011-03-25T20:00:53","guid":{"rendered":"http:\/\/antigo.bvtaipas.com\/site\/?page_id=62"},"modified":"2024-01-11T00:29:12","modified_gmt":"2024-01-11T00:29:12","slug":"quadro-activo","status":"publish","type":"page","link":"https:\/\/antigo.bvtaipas.com\/site\/galerias\/corpo-de-bombeiros\/quadro-activo\/","title":{"rendered":"Quadro Ativo"},"content":{"rendered":"\n<div class=\"wp-block-group\"><div class=\"wp-block-group__inner-container is-layout-constrained wp-block-group-is-layout-constrained\">\n<figure class=\"wp-block-table has-medium-font-size\"><table class=\"has-black-color has-text-color has-link-color\"><tbody><tr><td class=\"has-text-align-center\" data-align=\"center\"><br \/><img loading=\"lazy\" decoding=\"async\" width=\"50\" height=\"77\" class=\"wp-image-7250\" style=\"width: 50px;\" src=\"https:\/\/antigo.bvtaipas.com\/site\/wp-content\/uploads\/2022\/02\/ch-1.png\" alt=\"\"\/><\/td><td class=\"has-text-align-center\" data-align=\"center\"><br \/><br \/><strong>CHEFE<\/strong><\/td><\/tr><tr><td class=\"has-text-align-center\" data-align=\"center\"><strong>N\u00ba INTERNO<\/strong><\/td><td class=\"has-text-align-center\" data-align=\"center\"><strong>NOME<\/strong><\/td><\/tr><tr><td class=\"has-text-align-center\" data-align=\"center\">105<\/td><td class=\"has-text-align-center\" data-align=\"center\">Ant\u00f3nio Manuel Moreira Silva<\/td><\/tr><tr><td class=\"has-text-align-center\" data-align=\"center\">49<\/td><td class=\"has-text-align-center\" data-align=\"center\">Jo\u00e3o Paulo da Costa Gomes<\/td><\/tr><tr><td class=\"has-text-align-center\" data-align=\"center\">131<\/td><td class=\"has-text-align-center\" data-align=\"center\">Manuel Jorge Oliveira Ribeiro<\/td><\/tr><tr><td class=\"has-text-align-center\" data-align=\"center\">33<\/td><td class=\"has-text-align-center\" data-align=\"center\">Lu\u00eds Manuel Silva Andrade<\/td><\/tr><\/tbody><\/table><\/figure>\n<\/div><\/div>\n\n\n\n<figure class=\"wp-block-table has-medium-font-size\"><table class=\"has-black-color has-text-color has-link-color\"><tbody><tr><td class=\"has-text-align-center\" data-align=\"center\"><br \/><img loading=\"lazy\" decoding=\"async\" width=\"50\" height=\"77\" class=\"wp-image-7228\" style=\"width: 50px;\" src=\"https:\/\/antigo.bvtaipas.com\/site\/wp-content\/uploads\/2022\/01\/sc-1.jpg\" alt=\"\"\/><\/td><td class=\"has-text-align-center\" data-align=\"center\"><br \/><br \/><strong>SUBCHEFE<\/strong><\/td><\/tr><tr><td class=\"has-text-align-center\" data-align=\"center\"><strong>N\u00ba INTERNO<\/strong><\/td><td class=\"has-text-align-center\" data-align=\"center\"><strong>NOME<\/strong><\/td><\/tr><tr><td class=\"has-text-align-center\" data-align=\"center\">72<\/td><td class=\"has-text-align-center\" data-align=\"center\">Ant\u00f3nio Castro Ferreira Matos<\/td><\/tr><tr><td class=\"has-text-align-center\" data-align=\"center\">146<\/td><td class=\"has-text-align-center\" data-align=\"center\">Jos\u00e9 Nelson Ferreira Martins <\/td><\/tr><tr><td class=\"has-text-align-center\" data-align=\"center\">144<\/td><td class=\"has-text-align-center\" data-align=\"center\">Ant\u00f3nio Jos\u00e9 Machado Magalh\u00e3es<\/td><\/tr><tr><td class=\"has-text-align-center\" data-align=\"center\">23<\/td><td class=\"has-text-align-center\" data-align=\"center\">Jo\u00e3o Manuel Rodrigues Gomes<\/td><\/tr><\/tbody><\/table><\/figure>\n\n\n\n<figure class=\"wp-block-table has-medium-font-size\"><table class=\"has-black-color has-text-color has-link-color\"><tbody><tr><td class=\"has-text-align-center\" data-align=\"center\"><br \/><img loading=\"lazy\" decoding=\"async\" width=\"50\" height=\"77\" class=\"wp-image-7246\" style=\"width: 50px;\" src=\"https:\/\/antigo.bvtaipas.com\/site\/wp-content\/uploads\/2022\/02\/1.png\" alt=\"\"\/><\/td><td class=\"has-text-align-center\" data-align=\"center\"><br \/><br \/><strong>BOMBEIRO 1\u00aa<\/strong><\/td><\/tr><tr><td class=\"has-text-align-center\" data-align=\"center\"><strong>N\u00ba INTERNO<\/strong><\/td><td class=\"has-text-align-center\" data-align=\"center\"><strong>NOME<\/strong><\/td><\/tr><tr><td class=\"has-text-align-center\" data-align=\"center\">108<\/td><td class=\"has-text-align-center\" data-align=\"center\">Jorge Carlos Ferreira Ribeiro<\/td><\/tr><tr><td class=\"has-text-align-center\" data-align=\"center\">102<\/td><td class=\"has-text-align-center\" data-align=\"center\">V\u00edtor Manuel Ara\u00fajo Machado<\/td><\/tr><tr><td class=\"has-text-align-center\" data-align=\"center\">135<\/td><td class=\"has-text-align-center\" data-align=\"center\">Nuno Manuel Gomes Marques<\/td><\/tr><tr><td class=\"has-text-align-center\" data-align=\"center\">50<\/td><td class=\"has-text-align-center\" data-align=\"center\">Isa\u00edas Manuel Gomes Ferreira<\/td><\/tr><tr><td class=\"has-text-align-center\" data-align=\"center\">127<\/td><td class=\"has-text-align-center\" data-align=\"center\">Felicidade da Concei\u00e7\u00e3o Oliveira Gomes<\/td><\/tr><tr><td class=\"has-text-align-center\" data-align=\"center\">26<\/td><td class=\"has-text-align-center\" data-align=\"center\">Joaquim Miguel Ribeiro Gon\u00e7alves<\/td><\/tr><tr><td class=\"has-text-align-center\" data-align=\"center\">89<\/td><td class=\"has-text-align-center\" data-align=\"center\">Jos\u00e9 Rafael Marques Matos<\/td><\/tr><tr><td class=\"has-text-align-center\" data-align=\"center\">42<\/td><td class=\"has-text-align-center\" data-align=\"center\">Manuel Ant\u00f3nio Fernandes da Silva<\/td><\/tr><tr><td class=\"has-text-align-center\" data-align=\"center\">93<\/td><td class=\"has-text-align-center\" data-align=\"center\">Jos\u00e9 Lu\u00eds da Silva Marques<\/td><\/tr><tr><td class=\"has-text-align-center\" data-align=\"center\">119<\/td><td class=\"has-text-align-center\" data-align=\"center\">Bento Batista<\/td><\/tr><tr><td class=\"has-text-align-center\" data-align=\"center\">121<\/td><td class=\"has-text-align-center\" data-align=\"center\">Manuel Joaquim Alves Abreu<\/td><\/tr><\/tbody><\/table><\/figure>\n\n\n\n<figure class=\"wp-block-table has-medium-font-size\"><table class=\"has-black-color has-text-color has-link-color\"><tbody><tr><td class=\"has-text-align-center\" data-align=\"center\"><br \/><img loading=\"lazy\" decoding=\"async\" width=\"50\" height=\"77\" class=\"wp-image-7253\" style=\"width: 50px;\" src=\"https:\/\/antigo.bvtaipas.com\/site\/wp-content\/uploads\/2022\/02\/2.png\" alt=\"\"\/><\/td><td class=\"has-text-align-center\" data-align=\"center\"><br \/><br \/><strong>BOMBEIRO 2\u00aa<\/strong><\/td><\/tr><tr><td class=\"has-text-align-center\" data-align=\"center\"><strong>N\u00ba INTERNO<\/strong><\/td><td class=\"has-text-align-center\" data-align=\"center\"><strong>NOME<\/strong><\/td><\/tr><tr><td class=\"has-text-align-center\" data-align=\"center\">58<\/td><td class=\"has-text-align-center\" data-align=\"center\">Paulo Henrique da Silva Cunha<\/td><\/tr><tr><td class=\"has-text-align-center\" data-align=\"center\">38<\/td><td class=\"has-text-align-center\" data-align=\"center\">Jo\u00e3o Marques Silva<\/td><\/tr><tr><td class=\"has-text-align-center\" data-align=\"center\">94<\/td><td class=\"has-text-align-center\" data-align=\"center\">Juliana Patr\u00edcia Domingues Dias<\/td><\/tr><tr><td class=\"has-text-align-center\" data-align=\"center\">32<\/td><td class=\"has-text-align-center\" data-align=\"center\">Eliseu Paulo Guimar\u00e3es Silva<\/td><\/tr><tr><td class=\"has-text-align-center\" data-align=\"center\">27<\/td><td class=\"has-text-align-center\" data-align=\"center\">Ant\u00f3nio Miguel Marques da Silva<\/td><\/tr><tr><td class=\"has-text-align-center\" data-align=\"center\">11<\/td><td class=\"has-text-align-center\" data-align=\"center\">Tiago Andr\u00e9 Fernandes de Oliveira<\/td><\/tr><tr><td class=\"has-text-align-center\" data-align=\"center\">66<\/td><td class=\"has-text-align-center\" data-align=\"center\">Cristiana Natalina Ribeiro Dias<\/td><\/tr><tr><td class=\"has-text-align-center\" data-align=\"center\">83<\/td><td class=\"has-text-align-center\" data-align=\"center\">Carlos Andr\u00e9 Gomes da Silva<\/td><\/tr><tr><td class=\"has-text-align-center\" data-align=\"center\">55<\/td><td class=\"has-text-align-center\" data-align=\"center\">Ana Patr\u00edcia Oliveira Lopes<\/td><\/tr><tr><td class=\"has-text-align-center\" data-align=\"center\">59<\/td><td class=\"has-text-align-center\" data-align=\"center\">Florian Augusto Ribeiro<\/td><\/tr><tr><td class=\"has-text-align-center\" data-align=\"center\">43<\/td><td class=\"has-text-align-center\" data-align=\"center\">Nuno Arc\u00e9lio de Freitas Fernandes<\/td><\/tr><tr><td class=\"has-text-align-center\" data-align=\"center\">150<\/td><td class=\"has-text-align-center\" data-align=\"center\">Rui Manuel da Silva Gomes<\/td><\/tr><\/tbody><\/table><\/figure>\n\n\n\n<figure class=\"wp-block-table has-medium-font-size\"><table class=\"has-black-color has-text-color has-link-color\"><tbody><tr><td class=\"has-text-align-center\" data-align=\"center\"><br \/><img loading=\"lazy\" decoding=\"async\" width=\"50\" height=\"77\" class=\"wp-image-7254\" style=\"width: 50px;\" src=\"https:\/\/antigo.bvtaipas.com\/site\/wp-content\/uploads\/2022\/02\/3.png\" alt=\"\"\/><\/td><td class=\"has-text-align-center\" data-align=\"center\"><br \/><br \/><strong>BOMBEIRO 3\u00aa<\/strong><\/td><\/tr><tr><td class=\"has-text-align-center\" data-align=\"center\"><strong>N\u00ba INTERNO<\/strong><\/td><td class=\"has-text-align-center\" data-align=\"center\"><strong>NOME<\/strong><\/td><\/tr><tr><td class=\"has-text-align-center\" data-align=\"center\">76<\/td><td class=\"has-text-align-center\" data-align=\"center\">Joaquim Correia Pinheiro<\/td><\/tr><tr><td class=\"has-text-align-center\" data-align=\"center\">116<\/td><td class=\"has-text-align-center\" data-align=\"center\">Raimundo Ferreira Ribeiro<\/td><\/tr><tr><td class=\"has-text-align-center\" data-align=\"center\">132<\/td><td class=\"has-text-align-center\" data-align=\"center\">Napole\u00e3o da Rocha Miranda<\/td><\/tr><tr><td class=\"has-text-align-center\" data-align=\"center\">104<\/td><td class=\"has-text-align-center\" data-align=\"center\">Domingos Gomes Abreu<\/td><\/tr><tr><td class=\"has-text-align-center\" data-align=\"center\">137<\/td><td class=\"has-text-align-center\" data-align=\"center\">Ant\u00f3nio Jos\u00e9 da Silva Alves<\/td><\/tr><tr><td class=\"has-text-align-center\" data-align=\"center\">118<\/td><td class=\"has-text-align-center\" data-align=\"center\">Ant\u00f3nio Fernando Antunes Pereira<\/td><\/tr><tr><td class=\"has-text-align-center\" data-align=\"center\">75<\/td><td class=\"has-text-align-center\" data-align=\"center\">Ricardo Ant\u00f3nio da Silva Cunha<\/td><\/tr><tr><td class=\"has-text-align-center\" data-align=\"center\">91<\/td><td class=\"has-text-align-center\" data-align=\"center\">Jos\u00e9 Manuel Silva Tavares Almeida<\/td><\/tr><tr><td class=\"has-text-align-center\" data-align=\"center\">31<\/td><td class=\"has-text-align-center\" data-align=\"center\">Jos\u00e9 Daniel Mendes Vaz<\/td><\/tr><tr><td class=\"has-text-align-center\" data-align=\"center\">47<\/td><td class=\"has-text-align-center\" data-align=\"center\">Carlos Alberto Costa Bravo<\/td><\/tr><tr><td class=\"has-text-align-center\" data-align=\"center\">141<\/td><td class=\"has-text-align-center\" data-align=\"center\">Henrique Ant\u00f3nio Macedo Fernandes<\/td><\/tr><tr><td class=\"has-text-align-center\" data-align=\"center\">61<\/td><td class=\"has-text-align-center\" data-align=\"center\">Avelino Fernando Castro Ribeiro<\/td><\/tr><tr><td class=\"has-text-align-center\" data-align=\"center\">6<\/td><td class=\"has-text-align-center\" data-align=\"center\">Carlos Manuel Marques Duarte<\/td><\/tr><tr><td class=\"has-text-align-center\" data-align=\"center\">22<\/td><td class=\"has-text-align-center\" data-align=\"center\">Nuno Eduardo Vieira da Silva<\/td><\/tr><tr><td class=\"has-text-align-center\" data-align=\"center\">13<\/td><td class=\"has-text-align-center\" data-align=\"center\">Carlos Alberto Guimar\u00e3es Ferreira<\/td><\/tr><tr><td class=\"has-text-align-center\" data-align=\"center\">14<\/td><td class=\"has-text-align-center\" data-align=\"center\">Jos\u00e9 Carlos Castro Ribeiro<\/td><\/tr><tr><td class=\"has-text-align-center\" data-align=\"center\">112<\/td><td class=\"has-text-align-center\" data-align=\"center\">Cl\u00e1udia Ang\u00e9lica Ferreira Ribeiro<\/td><\/tr><tr><td class=\"has-text-align-center\" data-align=\"center\">64<\/td><td class=\"has-text-align-center\" data-align=\"center\">Jo\u00e3o Jos\u00e9 Menezes Ara\u00fajo e Silva<\/td><\/tr><tr><td class=\"has-text-align-center\" data-align=\"center\">65<\/td><td class=\"has-text-align-center\" data-align=\"center\">Evelina Ribeiro Antunes<\/td><\/tr><tr><td class=\"has-text-align-center\" data-align=\"center\">54<\/td><td class=\"has-text-align-center\" data-align=\"center\">F\u00e1tima Raquel da Silva Pereira Cunha<\/td><\/tr><tr><td class=\"has-text-align-center\" data-align=\"center\">92<\/td><td class=\"has-text-align-center\" data-align=\"center\">Maria Celeste Evangelho Vaz<\/td><\/tr><tr><td class=\"has-text-align-center\" data-align=\"center\">29<\/td><td class=\"has-text-align-center\" data-align=\"center\">Bruno Miguel Salgado Costa<\/td><\/tr><tr><td class=\"has-text-align-center\" data-align=\"center\">71<\/td><td class=\"has-text-align-center\" data-align=\"center\">Cesar Manuel Carvalho da Maia<\/td><\/tr><tr><td class=\"has-text-align-center\" data-align=\"center\">36<\/td><td class=\"has-text-align-center\" data-align=\"center\">Daniel Jos\u00e9 Ferreira da Silva<\/td><\/tr><tr><td class=\"has-text-align-center\" data-align=\"center\">45<\/td><td class=\"has-text-align-center\" data-align=\"center\">Joaquim Manuel Evangelho Vaz<\/td><\/tr><tr><td class=\"has-text-align-center\" data-align=\"center\">35<\/td><td class=\"has-text-align-center\" data-align=\"center\">Ricardo Jos\u00e9 Ribeiro Fernandes<\/td><\/tr><tr><td class=\"has-text-align-center\" data-align=\"center\">60<\/td><td class=\"has-text-align-center\" data-align=\"center\">Rafael Jos\u00e9 Mendes De Sousa<\/td><\/tr><tr><td class=\"has-text-align-center\" data-align=\"center\">8<\/td><td class=\"has-text-align-center\" data-align=\"center\">Diana Margarida Castro Moreira<\/td><\/tr><tr><td class=\"has-text-align-center\" data-align=\"center\">62<\/td><td class=\"has-text-align-center\" data-align=\"center\">H\u00e9lder Francisco Fernandes Silva<\/td><\/tr><tr><td class=\"has-text-align-center\" data-align=\"center\">15<\/td><td class=\"has-text-align-center\" data-align=\"center\">C\u00e1tia Isabel Castro Fernandes<\/td><\/tr><tr><td class=\"has-text-align-center\" data-align=\"center\">20<\/td><td class=\"has-text-align-center\" data-align=\"center\">M\u00e1rcio Andr\u00e9 Martins Ferreira<\/td><\/tr><tr><td class=\"has-text-align-center\" data-align=\"center\">46<\/td><td class=\"has-text-align-center\" data-align=\"center\">Lu\u00eds Miguel Santiago Lopes<\/td><\/tr><tr><td class=\"has-text-align-center\" data-align=\"center\">18<\/td><td class=\"has-text-align-center\" data-align=\"center\">Jo\u00e3o Emanuel Silva Moreira<\/td><\/tr><tr><td class=\"has-text-align-center\" data-align=\"center\">44<\/td><td class=\"has-text-align-center\" data-align=\"center\">J\u00falio Filipe da Costa Fernandes<\/td><\/tr><tr><td class=\"has-text-align-center\" data-align=\"center\">68<\/td><td class=\"has-text-align-center\" data-align=\"center\">Andr\u00e9 Feliciano Faria Pinto<\/td><\/tr><tr><td class=\"has-text-align-center\" data-align=\"center\">63<\/td><td class=\"has-text-align-center\" data-align=\"center\">Maria L\u00facia da Silva Magalh\u00e3es<\/td><\/tr><tr><td class=\"has-text-align-center\" data-align=\"center\">87<\/td><td class=\"has-text-align-center\" data-align=\"center\">Sara Isabel Evangelho Vaz<\/td><\/tr><tr><td class=\"has-text-align-center\" data-align=\"center\">34<\/td><td class=\"has-text-align-center\" data-align=\"center\">Ricardo Jorge Furtado Santos<\/td><\/tr><tr><td class=\"has-text-align-center\" data-align=\"center\">30<\/td><td class=\"has-text-align-center\" data-align=\"center\">Sim\u00e3o Pedro Marques Ribeiro<\/td><\/tr><tr><td class=\"has-text-align-center\" data-align=\"center\">28<\/td><td class=\"has-text-align-center\" data-align=\"center\">Ant\u00f3nio Manuel Ferreira Silva<\/td><\/tr><tr><td class=\"has-text-align-center\" data-align=\"center\">67<\/td><td class=\"has-text-align-center\" data-align=\"center\">Fernando Jos\u00e9 Fernandes da Silva<\/td><\/tr><tr><td class=\"has-text-align-center\" data-align=\"center\">40<\/td><td class=\"has-text-align-center\" data-align=\"center\">Carlos Alexandre Pereira da Silva<\/td><\/tr><tr><td class=\"has-text-align-center\" data-align=\"center\">70<\/td><td class=\"has-text-align-center\" data-align=\"center\">Eduardo Gon\u00e7alves Pereira<\/td><\/tr><tr><td class=\"has-text-align-center\" data-align=\"center\">39<\/td><td class=\"has-text-align-center\" data-align=\"center\">Bianca Sofia Bravo Ribeiro<\/td><\/tr><tr><td class=\"has-text-align-center\" data-align=\"center\">77<\/td><td class=\"has-text-align-center\" data-align=\"center\">Ana Beatriz Mendes Resende<\/td><\/tr><tr><td class=\"has-text-align-center\" data-align=\"center\">16<\/td><td class=\"has-text-align-center\" data-align=\"center\">Alcino Binji Carlos<\/td><\/tr><tr><td class=\"has-text-align-center\" data-align=\"center\">95<\/td><td class=\"has-text-align-center\" data-align=\"center\">B\u00e1rbara Francisca Alves Cunha<\/td><\/tr><tr><td class=\"has-text-align-center\" data-align=\"center\">10<\/td><td class=\"has-text-align-center\" data-align=\"center\">Bruno Filipe Martinho Oliveira<\/td><\/tr><tr><td class=\"has-text-align-center\" data-align=\"center\">110<\/td><td class=\"has-text-align-center\" data-align=\"center\">Maria de F\u00e1tima Esteves Mota<\/td><\/tr><tr><td class=\"has-text-align-center\" data-align=\"center\">51<\/td><td class=\"has-text-align-center\" data-align=\"center\">Margarida Freitas Batista<\/td><\/tr><tr><td class=\"has-text-align-center\" data-align=\"center\">56<\/td><td class=\"has-text-align-center\" data-align=\"center\">Wallace Junio da Silva Correia<\/td><\/tr><tr><td class=\"has-text-align-center\" data-align=\"center\">111<\/td><td class=\"has-text-align-center\" data-align=\"center\">Bruno Ismael Evangelho Vaz<\/td><\/tr><\/tbody><\/table><\/figure>\n","protected":false},"excerpt":{"rendered":"<p>CHEFE N\u00ba INTERNO NOME 105 Ant\u00f3nio Manuel Moreira Silva 49 Jo\u00e3o Paulo da Costa Gomes 131 Manuel Jorge Oliveira Ribeiro 33 Lu\u00eds Manuel Silva Andrade SUBCHEFE N\u00ba INTERNO NOME 72 Ant\u00f3nio Castro Ferreira Matos 146 Jos\u00e9 Nelson Ferreira Martins 144<\/p>\n","protected":false},"author":2,"featured_media":0,"parent":55,"menu_order":2,"comment_status":"closed","ping_status":"closed","template":"","meta":{"ngg_post_thumbnail":0,"footnotes":""},"class_list":["post-62","page","type-page","status-publish","hentry"],"_links":{"self":[{"href":"https:\/\/antigo.bvtaipas.com\/site\/wp-json\/wp\/v2\/pages\/62","targetHints":{"allow":["GET"]}}],"collection":[{"href":"https:\/\/antigo.bvtaipas.com\/site\/wp-json\/wp\/v2\/pages"}],"about":[{"href":"https:\/\/antigo.bvtaipas.com\/site\/wp-json\/wp\/v2\/types\/page"}],"author":[{"embeddable":true,"href":"https:\/\/antigo.bvtaipas.com\/site\/wp-json\/wp\/v2\/users\/2"}],"replies":[{"embeddable":true,"href":"https:\/\/antigo.bvtaipas.com\/site\/wp-json\/wp\/v2\/comments?post=62"}],"version-history":[{"count":201,"href":"https:\/\/antigo.bvtaipas.com\/site\/wp-json\/wp\/v2\/pages\/62\/revisions"}],"predecessor-version":[{"id":7556,"href":"https:\/\/antigo.bvtaipas.com\/site\/wp-json\/wp\/v2\/pages\/62\/revisions\/7556"}],"up":[{"embeddable":true,"href":"https:\/\/antigo.bvtaipas.com\/site\/wp-json\/wp\/v2\/pages\/55"}],"wp:attachment":[{"href":"https:\/\/antigo.bvtaipas.com\/site\/wp-json\/wp\/v2\/media?parent=62"}],"curies":[{"name":"wp","href":"https:\/\/api.w.org\/{rel}","templated":true}]}}