{"id":6553,"date":"2019-01-24T16:33:24","date_gmt":"2019-01-24T16:33:24","guid":{"rendered":"https:\/\/antigo.bvtaipas.com\/site\/?page_id=6553"},"modified":"2019-05-27T21:17:57","modified_gmt":"2019-05-27T21:17:57","slug":"curso-mrmi","status":"publish","type":"page","link":"https:\/\/antigo.bvtaipas.com\/site\/curso-mrmi\/","title":{"rendered":"Forma\u00e7\u00e3o MRMI"},"content":{"rendered":"<p style=\"text-align: left;\"><span style=\"color: #000000;\"><strong>Descri\u00e7\u00e3o:&nbsp;&nbsp;<\/strong>Os Bombeiros das Taipas, v\u00e3o receber nas suas instala\u00e7\u00f5es o Medical Response to Major Incidents (MRMI).<\/span><\/p>\n<p><span style=\"color: #000000;\">Este exerc\u00edcio ir\u00e1 decorrer nos dias 22, 23 e 24 de mar\u00e7o, sendo considerado uma das melhores forma\u00e7\u00f5es para resposta \u00e0 emerg\u00eancia em situa\u00e7\u00e3o de cat\u00e1strofe a n\u00edvel internacional. \u00c9 destinado a todos os agentes de Prote\u00e7\u00e3o Civil, Bombeiros, Policia, GNR, Ex\u00e9rcito, Marinha, For\u00e7a A\u00e9rea, Enfermeiros, M\u00e9dicos, Psic\u00f3logos, etc., ou seja, a todos quantos desempenham fun\u00e7\u00f5es de prote\u00e7\u00e3o e socorro \u00e0s popula\u00e7\u00f5es.<\/span><\/p>\n<p>&nbsp;<\/p>\n<p><span style=\"color: #000000;\"><strong>Importante:<\/strong> As inscri\u00e7\u00f5es est\u00e3o limitadas a 100 participantes.<\/span><\/p>\n<p>&nbsp;<\/p>\n<h1 style=\"text-align: center;\"><span style=\"color: #3366ff;\"><strong>INSCRI\u00c7\u00c3O<\/strong><\/span><\/h1>\n<h1 style=\"text-align: center;\"><a href=\"https:\/\/antigo.bvtaipas.com\/site\/local\/\"><span style=\"color: #3366ff;\"><strong>LOCALIZA\u00c7\u00c3O DA FORMA\u00c7\u00c3O<\/strong><\/span><\/a><\/h1>\n<h1 style=\"text-align: center;\"><span style=\"color: #3366ff;\"><strong><a style=\"color: #3366ff;\" href=\"https:\/\/antigo.bvtaipas.com\/site\/parceiros-institucionais\/\">PARCEIROS INSTITUCIONAIS<\/a><\/strong><\/span><\/h1>\n<h1 style=\"text-align: center;\"><a href=\"https:\/\/antigo.bvtaipas.com\/site\/programa-2\/\"><strong><span style=\"color: #3366ff;\">PROGRAMA<\/span><\/strong><\/a><\/h1>\n<p>&nbsp;<\/p>\n<p>&nbsp;<\/p>\n","protected":false},"excerpt":{"rendered":"<p>Descri\u00e7\u00e3o:&nbsp;&nbsp;Os Bombeiros das Taipas, v\u00e3o receber nas suas instala\u00e7\u00f5es o Medical Response to Major Incidents (MRMI). Este exerc\u00edcio ir\u00e1 decorrer nos dias 22, 23 e 24 de mar\u00e7o, sendo considerado uma das melhores forma\u00e7\u00f5es para resposta \u00e0 emerg\u00eancia em situa\u00e7\u00e3o<\/p>\n","protected":false},"author":2,"featured_media":0,"parent":0,"menu_order":0,"comment_status":"closed","ping_status":"closed","template":"","meta":{"ngg_post_thumbnail":0,"footnotes":""},"class_list":["post-6553","page","type-page","status-publish","hentry"],"_links":{"self":[{"href":"https:\/\/antigo.bvtaipas.com\/site\/wp-json\/wp\/v2\/pages\/6553","targetHints":{"allow":["GET"]}}],"collection":[{"href":"https:\/\/antigo.bvtaipas.com\/site\/wp-json\/wp\/v2\/pages"}],"about":[{"href":"https:\/\/antigo.bvtaipas.com\/site\/wp-json\/wp\/v2\/types\/page"}],"author":[{"embeddable":true,"href":"https:\/\/antigo.bvtaipas.com\/site\/wp-json\/wp\/v2\/users\/2"}],"replies":[{"embeddable":true,"href":"https:\/\/antigo.bvtaipas.com\/site\/wp-json\/wp\/v2\/comments?post=6553"}],"version-history":[{"count":19,"href":"https:\/\/antigo.bvtaipas.com\/site\/wp-json\/wp\/v2\/pages\/6553\/revisions"}],"predecessor-version":[{"id":6712,"href":"https:\/\/antigo.bvtaipas.com\/site\/wp-json\/wp\/v2\/pages\/6553\/revisions\/6712"}],"wp:attachment":[{"href":"https:\/\/antigo.bvtaipas.com\/site\/wp-json\/wp\/v2\/media?parent=6553"}],"curies":[{"name":"wp","href":"https:\/\/api.w.org\/{rel}","templated":true}]}}