{"id":70,"date":"2011-03-25T20:03:20","date_gmt":"2011-03-25T20:03:20","guid":{"rendered":"http:\/\/antigo.bvtaipas.com\/site\/?page_id=70"},"modified":"2022-03-03T23:21:21","modified_gmt":"2022-03-03T23:21:21","slug":"legislacao","status":"publish","type":"page","link":"https:\/\/antigo.bvtaipas.com\/site\/legislacao\/","title":{"rendered":"Liga\u00e7\u00f5es \u00dateis"},"content":{"rendered":"\n<div class=\"wp-block-media-text alignwide is-stacked-on-mobile has-black-color has-text-color\" style=\"grid-template-columns:20% auto\"><figure class=\"wp-block-media-text__media\"><a href=\"https:\/\/www.lbp.pt\/#\/\" target=\"_blank\" rel=\"noopener\"><img loading=\"lazy\" decoding=\"async\" width=\"107\" height=\"100\" src=\"https:\/\/antigo.bvtaipas.com\/site\/wp-content\/uploads\/2022\/02\/logo-2.png\" alt=\"\" class=\"wp-image-7292 size-full\"\/><\/a><\/figure><div class=\"wp-block-media-text__content\">\n<p style=\"font-size:24px\"><strong><a href=\"https:\/\/www.lbp.pt\/#\/\" target=\"_blank\" rel=\"noreferrer noopener nofollow sponsored ugc\">LIGA DOS BOMBEIROS PORTUGUESES<\/a><\/strong><\/p>\n<\/div><\/div>\n\n\n\n<div class=\"wp-block-media-text alignwide is-stacked-on-mobile\" style=\"grid-template-columns:20% auto\"><figure class=\"wp-block-media-text__media\"><a href=\"https:\/\/www.enb.pt\/\" target=\"_blank\" rel=\"noopener\"><img loading=\"lazy\" decoding=\"async\" width=\"709\" height=\"152\" src=\"https:\/\/antigo.bvtaipas.com\/site\/wp-content\/uploads\/2022\/02\/ENB-1.png\" alt=\"\" class=\"wp-image-7293 size-full\" srcset=\"https:\/\/antigo.bvtaipas.com\/site\/wp-content\/uploads\/2022\/02\/ENB-1.png 709w, https:\/\/antigo.bvtaipas.com\/site\/wp-content\/uploads\/2022\/02\/ENB-1-300x64.png 300w, https:\/\/antigo.bvtaipas.com\/site\/wp-content\/uploads\/2022\/02\/ENB-1-150x32.png 150w\" sizes=\"auto, (max-width: 709px) 100vw, 709px\" \/><\/a><\/figure><div class=\"wp-block-media-text__content\">\n<p style=\"font-size:24px\"><strong><a href=\"https:\/\/www.enb.pt\/\" target=\"_blank\" rel=\"noreferrer noopener nofollow sponsored ugc\">ESCOLA NACIONAL DE BOMBEIROS<\/a><\/strong><\/p>\n<\/div><\/div>\n\n\n\n<div class=\"wp-block-media-text alignwide is-stacked-on-mobile\" style=\"grid-template-columns:20% auto\"><figure class=\"wp-block-media-text__media\"><a href=\"https:\/\/elearning.enb.pt\/\" target=\"_blank\" rel=\"noopener\"><img loading=\"lazy\" decoding=\"async\" width=\"200\" height=\"200\" src=\"https:\/\/antigo.bvtaipas.com\/site\/wp-content\/uploads\/2022\/02\/brand-1.gif\" alt=\"\" class=\"wp-image-7294 size-full\"\/><\/a><\/figure><div class=\"wp-block-media-text__content\">\n<p style=\"font-size:24px\"><strong><a href=\"https:\/\/elearning.enb.pt\/\" target=\"_blank\" rel=\"noreferrer noopener nofollow sponsored ugc\">ESCOLA NACIONAL DE BOMBEIROS &#8211; PLATAFORMA E-LEARNING<\/a><\/strong><\/p>\n<\/div><\/div>\n\n\n\n<div class=\"wp-block-media-text alignwide is-stacked-on-mobile\" style=\"grid-template-columns:20% auto\"><figure class=\"wp-block-media-text__media\"><a href=\"http:\/\/www.prociv.pt\/pt-pt\/PROTECAOCIVIL\/ANPC\/Paginas\/default.aspx\" target=\"_blank\" rel=\"noopener\"><img loading=\"lazy\" decoding=\"async\" width=\"150\" height=\"150\" src=\"https:\/\/antigo.bvtaipas.com\/site\/wp-content\/uploads\/2022\/02\/ANEPC-e1644059633734.png\" alt=\"\" class=\"wp-image-7296 size-full\"\/><\/a><\/figure><div class=\"wp-block-media-text__content\">\n<p style=\"font-size:24px\"><strong><a href=\"http:\/\/www.prociv.pt\/pt-pt\/PROTECAOCIVIL\/ANPC\/Paginas\/default.aspx\" target=\"_blank\" rel=\"noreferrer noopener nofollow sponsored ugc\">ANEPC &#8211; AUTORIDADE NACIONAL DE PROTE\u00c7\u00c3O CIVIL<\/a><\/strong><\/p>\n<\/div><\/div>\n\n\n\n<div class=\"wp-block-media-text alignwide is-stacked-on-mobile\" style=\"grid-template-columns:20% auto\"><figure class=\"wp-block-media-text__media\"><a href=\"rnbp.prociv.pt\/rnbp\/portal\/\" target=\"_blank\" rel=\"noopener\"><img loading=\"lazy\" decoding=\"async\" width=\"390\" height=\"305\" src=\"https:\/\/antigo.bvtaipas.com\/site\/wp-content\/uploads\/2022\/02\/rnbp.jpg\" alt=\"\" class=\"wp-image-7297 size-full\" srcset=\"https:\/\/antigo.bvtaipas.com\/site\/wp-content\/uploads\/2022\/02\/rnbp.jpg 390w, https:\/\/antigo.bvtaipas.com\/site\/wp-content\/uploads\/2022\/02\/rnbp-300x235.jpg 300w, https:\/\/antigo.bvtaipas.com\/site\/wp-content\/uploads\/2022\/02\/rnbp-150x117.jpg 150w\" sizes=\"auto, (max-width: 390px) 100vw, 390px\" \/><\/a><\/figure><div class=\"wp-block-media-text__content\">\n<p style=\"font-size:24px\"><strong><a href=\"https:\/\/rnbp.prociv.pt\/rnbp\/portal\/\" target=\"_blank\" rel=\"noreferrer noopener nofollow sponsored ugc\">RECENSEAMENTO NACIONAL DOS BOMBEIROS PORTUGUESES<\/a><\/strong><\/p>\n<\/div><\/div>\n\n\n\n<div class=\"wp-block-media-text alignwide is-stacked-on-mobile\" style=\"grid-template-columns:20% auto\"><figure class=\"wp-block-media-text__media\"><a href=\"https:\/\/www.inem.pt\/\" target=\"_blank\" rel=\"noopener\"><img loading=\"lazy\" decoding=\"async\" width=\"900\" height=\"900\" src=\"https:\/\/antigo.bvtaipas.com\/site\/wp-content\/uploads\/2022\/02\/inem.jpg\" alt=\"\" class=\"wp-image-7295 size-full\" srcset=\"https:\/\/antigo.bvtaipas.com\/site\/wp-content\/uploads\/2022\/02\/inem.jpg 900w, https:\/\/antigo.bvtaipas.com\/site\/wp-content\/uploads\/2022\/02\/inem-300x300.jpg 300w, https:\/\/antigo.bvtaipas.com\/site\/wp-content\/uploads\/2022\/02\/inem-150x150.jpg 150w, https:\/\/antigo.bvtaipas.com\/site\/wp-content\/uploads\/2022\/02\/inem-768x768.jpg 768w, https:\/\/antigo.bvtaipas.com\/site\/wp-content\/uploads\/2022\/02\/inem-230x230.jpg 230w, https:\/\/antigo.bvtaipas.com\/site\/wp-content\/uploads\/2022\/02\/inem-330x330.jpg 330w\" sizes=\"auto, (max-width: 900px) 100vw, 900px\" \/><\/a><\/figure><div class=\"wp-block-media-text__content\">\n<p style=\"font-size:24px\"><a href=\"https:\/\/www.inem.pt\/\" target=\"_blank\" rel=\"noreferrer noopener nofollow sponsored ugc\" title=\"INEM - INSTITUTO NACIONAL DE EMERG\u00caNCIA M\u00c9DICA\"><strong>INEM<\/strong> &#8211; <strong>INSTITUTO NACIONAL DE EMERG\u00caNCIA M\u00c9DICA<\/strong><\/a><\/p>\n<\/div><\/div>\n\n\n\n<div class=\"wp-block-media-text alignwide is-stacked-on-mobile\" style=\"grid-template-columns:20% auto\"><figure class=\"wp-block-media-text__media\"><a href=\"https:\/\/www.cm-guimaraes.pt\/\" target=\"_blank\" rel=\"noopener\"><img loading=\"lazy\" decoding=\"async\" width=\"383\" height=\"131\" src=\"https:\/\/antigo.bvtaipas.com\/site\/wp-content\/uploads\/2022\/02\/descarregar.png\" alt=\"\" class=\"wp-image-7298 size-full\" srcset=\"https:\/\/antigo.bvtaipas.com\/site\/wp-content\/uploads\/2022\/02\/descarregar.png 383w, https:\/\/antigo.bvtaipas.com\/site\/wp-content\/uploads\/2022\/02\/descarregar-300x103.png 300w, https:\/\/antigo.bvtaipas.com\/site\/wp-content\/uploads\/2022\/02\/descarregar-150x51.png 150w\" sizes=\"auto, (max-width: 383px) 100vw, 383px\" \/><\/a><\/figure><div class=\"wp-block-media-text__content\">\n<p style=\"font-size:24px\"><strong><a href=\"https:\/\/www.cm-guimaraes.pt\/\" target=\"_blank\" rel=\"noreferrer noopener nofollow sponsored ugc\">MUNIC\u00cdPIO DE GUIMAR\u00c3ES<\/a><\/strong><\/p>\n<\/div><\/div>\n\n\n\n<div class=\"wp-block-media-text alignwide is-stacked-on-mobile\" style=\"grid-template-columns:20% auto\"><figure class=\"wp-block-media-text__media\"><a href=\"https:\/\/fogos.icnf.pt:8443\/queimasqueimadas\/QueimaSeguraRapidaadd.asp\" target=\"_blank\" rel=\"noopener\"><img loading=\"lazy\" decoding=\"async\" width=\"405\" height=\"124\" src=\"https:\/\/antigo.bvtaipas.com\/site\/wp-content\/uploads\/2022\/02\/descarregar.jpg\" alt=\"\" class=\"wp-image-7299 size-full\" srcset=\"https:\/\/antigo.bvtaipas.com\/site\/wp-content\/uploads\/2022\/02\/descarregar.jpg 405w, https:\/\/antigo.bvtaipas.com\/site\/wp-content\/uploads\/2022\/02\/descarregar-300x92.jpg 300w, https:\/\/antigo.bvtaipas.com\/site\/wp-content\/uploads\/2022\/02\/descarregar-150x46.jpg 150w\" sizes=\"auto, (max-width: 405px) 100vw, 405px\" \/><\/a><\/figure><div class=\"wp-block-media-text__content\">\n<p style=\"font-size:24px\"><strong><a href=\"https:\/\/fogos.icnf.pt:8443\/queimasqueimadas\/QueimaSeguraRapidaadd.asp\" target=\"_blank\" rel=\"noreferrer noopener nofollow sponsored ugc\">REGISTO QUEIMAS E QUEIMADAS<\/a><\/strong><\/p>\n<\/div><\/div>\n\n\n\n<div class=\"wp-block-media-text alignwide is-stacked-on-mobile\" style=\"grid-template-columns:20% auto\"><figure class=\"wp-block-media-text__media\"><a href=\"https:\/\/survey123.arcgis.com\/share\/28a0afeb37a94a629185a4b78adfc681\" target=\"_blank\" rel=\"noopener\"><img loading=\"lazy\" decoding=\"async\" width=\"310\" height=\"163\" src=\"https:\/\/antigo.bvtaipas.com\/site\/wp-content\/uploads\/2022\/02\/images.png\" alt=\"\" class=\"wp-image-7300 size-full\" srcset=\"https:\/\/antigo.bvtaipas.com\/site\/wp-content\/uploads\/2022\/02\/images.png 310w, https:\/\/antigo.bvtaipas.com\/site\/wp-content\/uploads\/2022\/02\/images-300x158.png 300w, https:\/\/antigo.bvtaipas.com\/site\/wp-content\/uploads\/2022\/02\/images-150x79.png 150w\" sizes=\"auto, (max-width: 310px) 100vw, 310px\" \/><\/a><\/figure><div class=\"wp-block-media-text__content\">\n<p style=\"font-size:24px\"><strong><a href=\"https:\/\/survey123.arcgis.com\/share\/28a0afeb37a94a629185a4b78adfc681\" target=\"_blank\" rel=\"noreferrer noopener nofollow sponsored ugc\">REGISTO DE NINHO DE VESPAS ASI\u00c1TICAS<\/a><\/strong> &#8211; <strong><a href=\"https:\/\/survey123.arcgis.com\/share\/28a0afeb37a94a629185a4b78adfc681\" target=\"_blank\" rel=\"noreferrer noopener nofollow sponsored ugc\">MUNIC\u00cdPIO DE GUIMAR\u00c3ES<\/a><\/strong><\/p>\n<\/div><\/div>\n","protected":false},"excerpt":{"rendered":"<p>LIGA DOS BOMBEIROS PORTUGUESES ESCOLA NACIONAL DE BOMBEIROS ESCOLA NACIONAL DE BOMBEIROS &#8211; PLATAFORMA E-LEARNING ANEPC &#8211; AUTORIDADE NACIONAL DE PROTE\u00c7\u00c3O CIVIL RECENSEAMENTO NACIONAL DOS BOMBEIROS PORTUGUESES INEM &#8211; INSTITUTO NACIONAL DE EMERG\u00caNCIA M\u00c9DICA MUNIC\u00cdPIO DE GUIMAR\u00c3ES REGISTO QUEIMAS E<\/p>\n","protected":false},"author":2,"featured_media":0,"parent":0,"menu_order":4,"comment_status":"open","ping_status":"closed","template":"","meta":{"ngg_post_thumbnail":0,"footnotes":""},"class_list":["post-70","page","type-page","status-publish","hentry"],"_links":{"self":[{"href":"https:\/\/antigo.bvtaipas.com\/site\/wp-json\/wp\/v2\/pages\/70","targetHints":{"allow":["GET"]}}],"collection":[{"href":"https:\/\/antigo.bvtaipas.com\/site\/wp-json\/wp\/v2\/pages"}],"about":[{"href":"https:\/\/antigo.bvtaipas.com\/site\/wp-json\/wp\/v2\/types\/page"}],"author":[{"embeddable":true,"href":"https:\/\/antigo.bvtaipas.com\/site\/wp-json\/wp\/v2\/users\/2"}],"replies":[{"embeddable":true,"href":"https:\/\/antigo.bvtaipas.com\/site\/wp-json\/wp\/v2\/comments?post=70"}],"version-history":[{"count":62,"href":"https:\/\/antigo.bvtaipas.com\/site\/wp-json\/wp\/v2\/pages\/70\/revisions"}],"predecessor-version":[{"id":7321,"href":"https:\/\/antigo.bvtaipas.com\/site\/wp-json\/wp\/v2\/pages\/70\/revisions\/7321"}],"wp:attachment":[{"href":"https:\/\/antigo.bvtaipas.com\/site\/wp-json\/wp\/v2\/media?parent=70"}],"curies":[{"name":"wp","href":"https:\/\/api.w.org\/{rel}","templated":true}]}}