{"id":91,"date":"2011-03-26T13:39:28","date_gmt":"2011-03-26T13:39:28","guid":{"rendered":"http:\/\/antigo.bvtaipas.com\/site\/?page_id=91"},"modified":"2023-07-23T14:43:46","modified_gmt":"2023-07-23T14:43:46","slug":"veiculos-de-combate-a-incendios","status":"publish","type":"page","link":"https:\/\/antigo.bvtaipas.com\/site\/galerias\/u-l-f\/veiculos-de-combate-a-incendios\/","title":{"rendered":"Ve\u00edculos de Socorro e Combate a Inc\u00eandio"},"content":{"rendered":"<p style=\"text-align: center;\"><img loading=\"lazy\" decoding=\"async\" class=\"wp-image-5005 size-full aligncenter\" src=\"http:\/\/antigo.bvtaipas.com\/site\/wp-content\/uploads\/2011\/03\/IMG_20150523_161349.jpg\" width=\"350\" height=\"210\" srcset=\"https:\/\/antigo.bvtaipas.com\/site\/wp-content\/uploads\/2011\/03\/IMG_20150523_161349.jpg 350w, https:\/\/antigo.bvtaipas.com\/site\/wp-content\/uploads\/2011\/03\/IMG_20150523_161349-300x180.jpg 300w\" sizes=\"auto, (max-width: 350px) 100vw, 350px\" \/>VLCI01 &#8211; VE\u00cdCULO LIGEIRO DE COMBATE A INC\u00caNDIOS<\/p>\n<p style=\"text-align: center;\"><img loading=\"lazy\" decoding=\"async\" class=\"aligncenter size-full wp-image-5013\" src=\"http:\/\/antigo.bvtaipas.com\/site\/wp-content\/uploads\/2011\/03\/VFCI02.jpg\" alt=\"VFCI02\" width=\"350\" height=\"271\" srcset=\"https:\/\/antigo.bvtaipas.com\/site\/wp-content\/uploads\/2011\/03\/VFCI02.jpg 350w, https:\/\/antigo.bvtaipas.com\/site\/wp-content\/uploads\/2011\/03\/VFCI02-300x232.jpg 300w\" sizes=\"auto, (max-width: 350px) 100vw, 350px\" \/>VLCI 03 &#8211; VE\u00cdCULO LIGEIRO DE COMBATE A INC\u00caNDIOS<\/p>\n<p style=\"text-align: center;\"><img loading=\"lazy\" decoding=\"async\" class=\"aligncenter size-full wp-image-5016\" src=\"http:\/\/antigo.bvtaipas.com\/site\/wp-content\/uploads\/2011\/03\/VLCI04.jpg\" alt=\"VLCI04\" width=\"350\" height=\"210\" srcset=\"https:\/\/antigo.bvtaipas.com\/site\/wp-content\/uploads\/2011\/03\/VLCI04.jpg 350w, https:\/\/antigo.bvtaipas.com\/site\/wp-content\/uploads\/2011\/03\/VLCI04-300x180.jpg 300w\" sizes=\"auto, (max-width: 350px) 100vw, 350px\" \/>VLCI04 &#8211; VE\u00cdCULO LIGEIRO DE COMBATE A INC\u00caNDIOS<\/p>\n<p style=\"text-align: center;\"><img loading=\"lazy\" decoding=\"async\" class=\"aligncenter size-full wp-image-5017\" src=\"http:\/\/antigo.bvtaipas.com\/site\/wp-content\/uploads\/2011\/03\/VLCI05-1.jpg\" alt=\"VLCI05\" width=\"350\" height=\"210\" srcset=\"https:\/\/antigo.bvtaipas.com\/site\/wp-content\/uploads\/2011\/03\/VLCI05-1.jpg 350w, https:\/\/antigo.bvtaipas.com\/site\/wp-content\/uploads\/2011\/03\/VLCI05-1-300x180.jpg 300w\" sizes=\"auto, (max-width: 350px) 100vw, 350px\" \/>VLCI05 &#8211; VE\u00cdCULO LIGEIRO DE COMBATE A INC\u00caNDIOS<\/p>\n<p style=\"text-align: center;\"><img loading=\"lazy\" decoding=\"async\" class=\"aligncenter size-full wp-image-5012\" src=\"http:\/\/antigo.bvtaipas.com\/site\/wp-content\/uploads\/2011\/03\/VFCI01-1.jpg\" alt=\"VFCI01\" width=\"350\" height=\"170\" srcset=\"https:\/\/antigo.bvtaipas.com\/site\/wp-content\/uploads\/2011\/03\/VFCI01-1.jpg 350w, https:\/\/antigo.bvtaipas.com\/site\/wp-content\/uploads\/2011\/03\/VFCI01-1-300x146.jpg 300w\" sizes=\"auto, (max-width: 350px) 100vw, 350px\" \/>VFCI01 \u2013 VE\u00cdCULO FORESTAL DE COMBATE A INC\u00caNDIOS<\/p>\n<p style=\"text-align: center;\"><img loading=\"lazy\" decoding=\"async\" class=\"aligncenter size-full wp-image-5006\" src=\"http:\/\/antigo.bvtaipas.com\/site\/wp-content\/uploads\/2011\/03\/IMG_20150523_161229.jpg\" alt=\"IMG_20150523_161229\" width=\"350\" height=\"210\" srcset=\"https:\/\/antigo.bvtaipas.com\/site\/wp-content\/uploads\/2011\/03\/IMG_20150523_161229.jpg 350w, https:\/\/antigo.bvtaipas.com\/site\/wp-content\/uploads\/2011\/03\/IMG_20150523_161229-300x180.jpg 300w\" sizes=\"auto, (max-width: 350px) 100vw, 350px\" \/>VRCI02 &#8211; VE\u00cdCULO RURAL DE COMBATE A INC\u00caNDIOS<\/p>\n<p style=\"text-align: center;\"><img loading=\"lazy\" decoding=\"async\" class=\"aligncenter size-full wp-image-5020\" src=\"http:\/\/antigo.bvtaipas.com\/site\/wp-content\/uploads\/2011\/03\/VUCI01-1.jpg\" alt=\"VUCI01\" width=\"350\" height=\"233\" srcset=\"https:\/\/antigo.bvtaipas.com\/site\/wp-content\/uploads\/2011\/03\/VUCI01-1.jpg 350w, https:\/\/antigo.bvtaipas.com\/site\/wp-content\/uploads\/2011\/03\/VUCI01-1-300x200.jpg 300w\" sizes=\"auto, (max-width: 350px) 100vw, 350px\" \/>VUCI01 \u2013 VE\u00cdCULO URBANO DE COMBATE A INC\u00caNDIOS<\/p>\n<p style=\"text-align: center;\"><img loading=\"lazy\" decoding=\"async\" class=\"aligncenter size-full wp-image-5010\" src=\"http:\/\/antigo.bvtaipas.com\/site\/wp-content\/uploads\/2011\/03\/VECI01.jpg\" alt=\"VECI01\" width=\"350\" height=\"247\" srcset=\"https:\/\/antigo.bvtaipas.com\/site\/wp-content\/uploads\/2011\/03\/VECI01.jpg 350w, https:\/\/antigo.bvtaipas.com\/site\/wp-content\/uploads\/2011\/03\/VECI01-300x212.jpg 300w\" sizes=\"auto, (max-width: 350px) 100vw, 350px\" \/>VECI01 \u2013 VE\u00cdCULO ESPECIAL DE COMBATE A INC\u00caNDIOS<\/p>\n<p style=\"text-align: center;\"><img loading=\"lazy\" decoding=\"async\" class=\"aligncenter size-full wp-image-5011\" src=\"http:\/\/antigo.bvtaipas.com\/site\/wp-content\/uploads\/2011\/03\/VECI02.jpg\" alt=\"VECI02\" width=\"350\" height=\"220\" srcset=\"https:\/\/antigo.bvtaipas.com\/site\/wp-content\/uploads\/2011\/03\/VECI02.jpg 350w, https:\/\/antigo.bvtaipas.com\/site\/wp-content\/uploads\/2011\/03\/VECI02-300x189.jpg 300w\" sizes=\"auto, (max-width: 350px) 100vw, 350px\" \/>VECI02 \u2013 VE\u00cdCULO ESPECIAL DE COMBATE A INC\u00caNDIOS<\/p>\n","protected":false},"excerpt":{"rendered":"<p>VLCI01 &#8211; VE\u00cdCULO LIGEIRO DE COMBATE A INC\u00caNDIOS VLCI 03 &#8211; VE\u00cdCULO LIGEIRO DE COMBATE A INC\u00caNDIOS VLCI04 &#8211; VE\u00cdCULO LIGEIRO DE COMBATE A INC\u00caNDIOS VLCI05 &#8211; VE\u00cdCULO LIGEIRO DE COMBATE A INC\u00caNDIOS VFCI01 \u2013 VE\u00cdCULO FORESTAL DE COMBATE A<\/p>\n","protected":false},"author":2,"featured_media":0,"parent":76,"menu_order":0,"comment_status":"open","ping_status":"closed","template":"","meta":{"ngg_post_thumbnail":0,"footnotes":""},"class_list":["post-91","page","type-page","status-publish","hentry"],"_links":{"self":[{"href":"https:\/\/antigo.bvtaipas.com\/site\/wp-json\/wp\/v2\/pages\/91","targetHints":{"allow":["GET"]}}],"collection":[{"href":"https:\/\/antigo.bvtaipas.com\/site\/wp-json\/wp\/v2\/pages"}],"about":[{"href":"https:\/\/antigo.bvtaipas.com\/site\/wp-json\/wp\/v2\/types\/page"}],"author":[{"embeddable":true,"href":"https:\/\/antigo.bvtaipas.com\/site\/wp-json\/wp\/v2\/users\/2"}],"replies":[{"embeddable":true,"href":"https:\/\/antigo.bvtaipas.com\/site\/wp-json\/wp\/v2\/comments?post=91"}],"version-history":[{"count":34,"href":"https:\/\/antigo.bvtaipas.com\/site\/wp-json\/wp\/v2\/pages\/91\/revisions"}],"predecessor-version":[{"id":7521,"href":"https:\/\/antigo.bvtaipas.com\/site\/wp-json\/wp\/v2\/pages\/91\/revisions\/7521"}],"up":[{"embeddable":true,"href":"https:\/\/antigo.bvtaipas.com\/site\/wp-json\/wp\/v2\/pages\/76"}],"wp:attachment":[{"href":"https:\/\/antigo.bvtaipas.com\/site\/wp-json\/wp\/v2\/media?parent=91"}],"curies":[{"name":"wp","href":"https:\/\/api.w.org\/{rel}","templated":true}]}}