{"id":95,"date":"2011-03-26T13:40:59","date_gmt":"2011-03-26T13:40:59","guid":{"rendered":"http:\/\/antigo.bvtaipas.com\/site\/?page_id=95"},"modified":"2023-07-23T14:40:05","modified_gmt":"2023-07-23T14:40:05","slug":"veiculos-de-saude","status":"publish","type":"page","link":"https:\/\/antigo.bvtaipas.com\/site\/galerias\/u-l-f\/veiculos-de-saude\/","title":{"rendered":"Ve\u00edculos de Socorro e Assist\u00eancia a Doentes"},"content":{"rendered":"<p style=\"text-align: center;\">&nbsp;<\/p>\n<p style=\"text-align: center;\">&nbsp;<\/p>\n<p style=\"text-align: center;\"><strong><img loading=\"lazy\" decoding=\"async\" class=\"size-full wp-image-762 aligncenter\" title=\"ABSC01\" src=\"http:\/\/antigo.bvtaipas.com\/site\/wp-content\/uploads\/2011\/03\/ABSC01.jpg\" alt=\"\" width=\"350\" height=\"263\" srcset=\"https:\/\/antigo.bvtaipas.com\/site\/wp-content\/uploads\/2011\/03\/ABSC01.jpg 350w, https:\/\/antigo.bvtaipas.com\/site\/wp-content\/uploads\/2011\/03\/ABSC01-300x225.jpg 300w\" sizes=\"auto, (max-width: 350px) 100vw, 350px\" \/><\/strong><strong>ABSC01 &#8211; AMBUL\u00c2NCIA DE SOCORRO<\/strong><\/p>\n<p style=\"text-align: center;\"><strong> <img loading=\"lazy\" decoding=\"async\" class=\"size-full wp-image-763 aligncenter\" title=\"ABSC02\" src=\"http:\/\/antigo.bvtaipas.com\/site\/wp-content\/uploads\/2011\/03\/ABSC021.jpg\" alt=\"\" width=\"350\" height=\"263\" srcset=\"https:\/\/antigo.bvtaipas.com\/site\/wp-content\/uploads\/2011\/03\/ABSC021.jpg 350w, https:\/\/antigo.bvtaipas.com\/site\/wp-content\/uploads\/2011\/03\/ABSC021-300x225.jpg 300w\" sizes=\"auto, (max-width: 350px) 100vw, 350px\" \/><\/strong><strong>ABSC02 &#8211; AMBUL\u00c2NCIA DE SOCORRO<\/strong><\/p>\n<p style=\"text-align: center;\"><a href=\"http:\/\/antigo.bvtaipas.com\/site\/wp-content\/uploads\/2011\/03\/ABSC03.jpg\"><img loading=\"lazy\" decoding=\"async\" class=\"wp-image-4097 size-full aligncenter\" src=\"http:\/\/antigo.bvtaipas.com\/site\/wp-content\/uploads\/2011\/03\/ABSC03.jpg\" alt=\"ABSC03\" width=\"350\" height=\"263\" srcset=\"https:\/\/antigo.bvtaipas.com\/site\/wp-content\/uploads\/2011\/03\/ABSC03.jpg 350w, https:\/\/antigo.bvtaipas.com\/site\/wp-content\/uploads\/2011\/03\/ABSC03-300x225.jpg 300w\" sizes=\"auto, (max-width: 350px) 100vw, 350px\" \/><\/a><strong>ABSC03 &#8211; AMBUL\u00c2NCIA DE SOCORRO<\/strong><\/p>\n<p style=\"text-align: center;\"><strong><img loading=\"lazy\" decoding=\"async\" class=\"size-full wp-image-764 aligncenter\" title=\"ABTD02\" src=\"http:\/\/antigo.bvtaipas.com\/site\/wp-content\/uploads\/2011\/03\/ABTD02.jpg\" alt=\"\" width=\"350\" height=\"263\" srcset=\"https:\/\/antigo.bvtaipas.com\/site\/wp-content\/uploads\/2011\/03\/ABTD02.jpg 350w, https:\/\/antigo.bvtaipas.com\/site\/wp-content\/uploads\/2011\/03\/ABTD02-300x225.jpg 300w\" sizes=\"auto, (max-width: 350px) 100vw, 350px\" \/><\/strong><strong>ABTD02 &#8211; AMBUL\u00c2NCIA DE TRANSPORTE DE DOENTES<\/strong><\/p>\n<p style=\"text-align: center;\"><strong><img loading=\"lazy\" decoding=\"async\" class=\"size-full wp-image-765 aligncenter\" title=\"ABTM02\" src=\"http:\/\/antigo.bvtaipas.com\/site\/wp-content\/uploads\/2011\/03\/ABTM02.jpg\" alt=\"\" width=\"350\" height=\"263\" srcset=\"https:\/\/antigo.bvtaipas.com\/site\/wp-content\/uploads\/2011\/03\/ABTM02.jpg 350w, https:\/\/antigo.bvtaipas.com\/site\/wp-content\/uploads\/2011\/03\/ABTM02-300x225.jpg 300w\" sizes=\"auto, (max-width: 350px) 100vw, 350px\" \/><\/strong><strong>ABTM02 &#8211; AMBUL\u00c2NCIA DE TRANSPORTE M\u00daLTIPLOS<\/strong><\/p>\n","protected":false},"excerpt":{"rendered":"<p>&nbsp; &nbsp; ABSC01 &#8211; AMBUL\u00c2NCIA DE SOCORRO ABSC02 &#8211; AMBUL\u00c2NCIA DE SOCORRO ABSC03 &#8211; AMBUL\u00c2NCIA DE SOCORRO ABTD02 &#8211; AMBUL\u00c2NCIA DE TRANSPORTE DE DOENTES ABTM02 &#8211; AMBUL\u00c2NCIA DE TRANSPORTE M\u00daLTIPLOS<\/p>\n","protected":false},"author":2,"featured_media":0,"parent":76,"menu_order":0,"comment_status":"open","ping_status":"closed","template":"","meta":{"ngg_post_thumbnail":0,"footnotes":""},"class_list":["post-95","page","type-page","status-publish","hentry"],"_links":{"self":[{"href":"https:\/\/antigo.bvtaipas.com\/site\/wp-json\/wp\/v2\/pages\/95","targetHints":{"allow":["GET"]}}],"collection":[{"href":"https:\/\/antigo.bvtaipas.com\/site\/wp-json\/wp\/v2\/pages"}],"about":[{"href":"https:\/\/antigo.bvtaipas.com\/site\/wp-json\/wp\/v2\/types\/page"}],"author":[{"embeddable":true,"href":"https:\/\/antigo.bvtaipas.com\/site\/wp-json\/wp\/v2\/users\/2"}],"replies":[{"embeddable":true,"href":"https:\/\/antigo.bvtaipas.com\/site\/wp-json\/wp\/v2\/comments?post=95"}],"version-history":[{"count":39,"href":"https:\/\/antigo.bvtaipas.com\/site\/wp-json\/wp\/v2\/pages\/95\/revisions"}],"predecessor-version":[{"id":7520,"href":"https:\/\/antigo.bvtaipas.com\/site\/wp-json\/wp\/v2\/pages\/95\/revisions\/7520"}],"up":[{"embeddable":true,"href":"https:\/\/antigo.bvtaipas.com\/site\/wp-json\/wp\/v2\/pages\/76"}],"wp:attachment":[{"href":"https:\/\/antigo.bvtaipas.com\/site\/wp-json\/wp\/v2\/media?parent=95"}],"curies":[{"name":"wp","href":"https:\/\/api.w.org\/{rel}","templated":true}]}}